{"id":3691,"date":"2024-07-09T17:18:17","date_gmt":"2024-07-09T17:18:17","guid":{"rendered":"https:\/\/sandhlegal.com\/?page_id=3691"},"modified":"2024-07-09T19:59:44","modified_gmt":"2024-07-09T19:59:44","slug":"ai-and-iot-law-elementor","status":"publish","type":"page","link":"https:\/\/sandhlegal.com\/tr\/ai-and-iot-law-elementor","title":{"rendered":"AI and IoT Law ELEMENTOR"},"content":{"rendered":"<div data-elementor-type=\"wp-page\" data-elementor-id=\"3691\" class=\"elementor elementor-3691\">\n\t\t\t\t\t\t<section class=\"elementor-section elementor-top-section elementor-element elementor-element-f768536 elementor-section-boxed elementor-section-height-default elementor-section-height-default\" data-id=\"f768536\" data-element_type=\"section\" data-settings=\"{&quot;background_background&quot;:&quot;classic&quot;}\">\n\t\t\t\t\t\t\t<div class=\"elementor-background-overlay\"><\/div>\n\t\t\t\t\t\t\t<div class=\"elementor-container elementor-column-gap-default\">\n\t\t\t\t\t<div class=\"elementor-column elementor-col-100 elementor-top-column elementor-element elementor-element-c23ebe3\" data-id=\"c23ebe3\" data-element_type=\"column\">\n\t\t\t<div class=\"elementor-widget-wrap elementor-element-populated\">\n\t\t\t\t\t\t<section class=\"elementor-section elementor-inner-section elementor-element elementor-element-af326f3 elementor-section-boxed elementor-section-height-default elementor-section-height-default\" data-id=\"af326f3\" data-element_type=\"section\">\n\t\t\t\t\t\t<div class=\"elementor-container elementor-column-gap-default\">\n\t\t\t\t\t<div class=\"elementor-column elementor-col-100 elementor-inner-column elementor-element elementor-element-79c7522\" data-id=\"79c7522\" data-element_type=\"column\">\n\t\t\t<div class=\"elementor-widget-wrap elementor-element-populated\">\n\t\t\t\t\t\t<div class=\"elementor-element elementor-element-42208f2 elementor-widget elementor-widget-heading\" data-id=\"42208f2\" data-element_type=\"widget\" data-widget_type=\"heading.default\">\n\t\t\t\t<div class=\"elementor-widget-container\">\n\t\t\t<h2 class=\"elementor-heading-title elementor-size-default\">Yapay Zeka ve IoT Hukuku<\/h2>\t\t<\/div>\n\t\t\t\t<\/div>\n\t\t\t\t\t<\/div>\n\t\t<\/div>\n\t\t\t\t\t<\/div>\n\t\t<\/section>\n\t\t\t\t<section class=\"elementor-section elementor-inner-section elementor-element elementor-element-cec2306 elementor-section-boxed elementor-section-height-default elementor-section-height-default\" data-id=\"cec2306\" data-element_type=\"section\" data-settings=\"{&quot;background_background&quot;:&quot;classic&quot;}\">\n\t\t\t\t\t\t<div class=\"elementor-container elementor-column-gap-default\">\n\t\t\t\t\t<div class=\"elementor-column elementor-col-50 elementor-inner-column elementor-element elementor-element-17055ac\" data-id=\"17055ac\" data-element_type=\"column\">\n\t\t\t<div class=\"elementor-widget-wrap elementor-element-populated\">\n\t\t\t\t\t\t<div class=\"elementor-element elementor-element-135f2d9 elementor-widget elementor-widget-heading\" data-id=\"135f2d9\" data-element_type=\"widget\" data-widget_type=\"heading.default\">\n\t\t\t\t<div class=\"elementor-widget-container\">\n\t\t\t<h3 class=\"elementor-heading-title elementor-size-default\">Yapay Zeka ve IoT Hukuku<\/h3>\t\t<\/div>\n\t\t\t\t<\/div>\n\t\t\t\t<div class=\"elementor-element elementor-element-1bd4b03 elementor-widget elementor-widget-text-editor\" data-id=\"1bd4b03\" data-element_type=\"widget\" data-widget_type=\"text-editor.default\">\n\t\t\t\t<div class=\"elementor-widget-container\">\n\t\t\t\t\t\t\t<p class=\"p1\"><strong><span style=\"color: #ffffff;\">S&amp;H olarak yapay zeka (AI) ve makine \u00f6\u011frenimi teknolojilerinin hukuki \u00e7er\u00e7evesinde derinlemesine uzmanl\u0131k sunuyoruz. Bu dinamik ve s\u00fcrekli evrilen alanda, algoritmik karar alma s\u00fcre\u00e7lerinin \u015feffafl\u0131\u011f\u0131, veri setlerinin etik kullan\u0131m\u0131, algoritmalar arac\u0131l\u0131\u011f\u0131yla ger\u00e7ekle\u015ftirilen otomatik i\u015flemlerin fikri m\u00fclkiyet haklar\u0131 gibi kritik konularda dan\u0131\u015fmanl\u0131k hizmeti sa\u011fl\u0131yoruz. Ayr\u0131ca, geli\u015fmi\u015f kodlama ve teknolojik altyap\u0131 bilgimiz sayesinde, AI tabanl\u0131 sistemlerin geli\u015ftirilmesi ve entegrasyonu s\u0131ras\u0131nda kar\u015f\u0131la\u015f\u0131labilecek teknik ve hukuki zorluklar\u0131n \u00fcstesinden gelmekte \u00f6nc\u00fcy\u00fcz.<\/span><\/strong><\/p><p class=\"p1\"><strong><span style=\"color: #ffffff;\">M\u00fc\u015fterilerimizin AI projelerinde veri koruma ve gizlilik standartlar\u0131na uygunlu\u011fu sa\u011flamak, etik AI kullan\u0131m\u0131 i\u00e7in y\u00f6nergeler olu\u015fturmak ve yapay zekan\u0131n getirdi\u011fi reg\u00fclasyonlara adaptasyon konular\u0131nda destek sunuyoruz. Bunun yan\u0131 s\u0131ra, yapay zeka uygulamalar\u0131n\u0131n ticarile\u015ftirilmesi, lisanslama anla\u015fmalar\u0131 ve AI tabanl\u0131 inovasyonlar\u0131n fikri m\u00fclkiyet stratejileri konusunda da derinlemesine bilgi sa\u011fl\u0131yoruz.<\/span><\/strong><\/p>\t\t\t\t\t\t<\/div>\n\t\t\t\t<\/div>\n\t\t\t\t<div class=\"elementor-element elementor-element-93315b3 elementor-widget-divider--view-line elementor-widget elementor-widget-divider\" data-id=\"93315b3\" data-element_type=\"widget\" data-widget_type=\"divider.default\">\n\t\t\t\t<div class=\"elementor-widget-container\">\n\t\t\t\t\t<div class=\"elementor-divider\">\n\t\t\t<span class=\"elementor-divider-separator\">\n\t\t\t\t\t\t<\/span>\n\t\t<\/div>\n\t\t\t\t<\/div>\n\t\t\t\t<\/div>\n\t\t\t\t\t<\/div>\n\t\t<\/div>\n\t\t\t\t<div class=\"elementor-column elementor-col-50 elementor-inner-column elementor-element elementor-element-9738143\" data-id=\"9738143\" data-element_type=\"column\" data-settings=\"{&quot;background_background&quot;:&quot;classic&quot;}\">\n\t\t\t<div class=\"elementor-widget-wrap elementor-element-populated\">\n\t\t\t\t\t\t<div class=\"elementor-element elementor-element-38393c7 elementor-widget elementor-widget-image\" data-id=\"38393c7\" data-element_type=\"widget\" data-widget_type=\"image.default\">\n\t\t\t\t<div class=\"elementor-widget-container\">\n\t\t\t\t\t\t\t\t\t\t\t\t\t<img fetchpriority=\"high\" decoding=\"async\" width=\"612\" height=\"454\" src=\"https:\/\/sandhlegal.com\/wp-content\/uploads\/2023\/01\/istockphoto-670202598-612x612-1.jpeg\" class=\"attachment-large size-large wp-image-2560\" alt=\"\" srcset=\"https:\/\/sandhlegal.com\/wp-content\/uploads\/2023\/01\/istockphoto-670202598-612x612-1.jpeg 612w, https:\/\/sandhlegal.com\/wp-content\/uploads\/2023\/01\/istockphoto-670202598-612x612-1-300x223.jpeg 300w\" sizes=\"(max-width: 612px) 100vw, 612px\" \/>\t\t\t\t\t\t\t\t\t\t\t\t\t<\/div>\n\t\t\t\t<\/div>\n\t\t\t\t\t<\/div>\n\t\t<\/div>\n\t\t\t\t\t<\/div>\n\t\t<\/section>\n\t\t\t\t\t<\/div>\n\t\t<\/div>\n\t\t\t\t\t<\/div>\n\t\t<\/section>\n\t\t\t\t<\/div>","protected":false},"excerpt":{"rendered":"<p>AI and IoT Law AI and IoT Law At S&amp;H, we offer in-depth expertise in the legal framework of artificial intelligence (AI) and machine learning technologies. In this dynamic and constantly evolving field, we provide consultancy services on critical issues such as transparency of algorithmic decision-making processes, ethical use of data sets, and intellectual property [&hellip;]<\/p>","protected":false},"author":1,"featured_media":0,"parent":0,"menu_order":0,"comment_status":"closed","ping_status":"closed","template":"","meta":{"om_disable_all_campaigns":false,"_monsterinsights_skip_tracking":false,"_monsterinsights_sitenote_active":false,"_monsterinsights_sitenote_note":"","_monsterinsights_sitenote_category":0,"_uf_show_specific_survey":0,"_uf_disable_surveys":false},"_links":{"self":[{"href":"https:\/\/sandhlegal.com\/tr\/wp-json\/wp\/v2\/pages\/3691"}],"collection":[{"href":"https:\/\/sandhlegal.com\/tr\/wp-json\/wp\/v2\/pages"}],"about":[{"href":"https:\/\/sandhlegal.com\/tr\/wp-json\/wp\/v2\/types\/page"}],"author":[{"embeddable":true,"href":"https:\/\/sandhlegal.com\/tr\/wp-json\/wp\/v2\/users\/1"}],"replies":[{"embeddable":true,"href":"https:\/\/sandhlegal.com\/tr\/wp-json\/wp\/v2\/comments?post=3691"}],"version-history":[{"count":9,"href":"https:\/\/sandhlegal.com\/tr\/wp-json\/wp\/v2\/pages\/3691\/revisions"}],"predecessor-version":[{"id":3747,"href":"https:\/\/sandhlegal.com\/tr\/wp-json\/wp\/v2\/pages\/3691\/revisions\/3747"}],"wp:attachment":[{"href":"https:\/\/sandhlegal.com\/tr\/wp-json\/wp\/v2\/media?parent=3691"}],"curies":[{"name":"wp","href":"https:\/\/api.w.org\/{rel}","templated":true}]}}