{"id":3681,"date":"2024-07-09T17:14:44","date_gmt":"2024-07-09T17:14:44","guid":{"rendered":"https:\/\/sandhlegal.com\/?page_id=3681"},"modified":"2024-07-09T18:23:23","modified_gmt":"2024-07-09T18:23:23","slug":"company-law-elementor","status":"publish","type":"page","link":"https:\/\/sandhlegal.com\/tr\/company-law-elementor","title":{"rendered":"Company Law ELEMENTOR"},"content":{"rendered":"<div data-elementor-type=\"wp-page\" data-elementor-id=\"3681\" class=\"elementor elementor-3681\">\n\t\t\t\t\t\t<section class=\"elementor-section elementor-top-section elementor-element elementor-element-f80a3d4 elementor-section-boxed elementor-section-height-default elementor-section-height-default\" data-id=\"f80a3d4\" data-element_type=\"section\" data-settings=\"{&quot;background_background&quot;:&quot;classic&quot;}\">\n\t\t\t\t\t\t\t<div class=\"elementor-background-overlay\"><\/div>\n\t\t\t\t\t\t\t<div class=\"elementor-container elementor-column-gap-default\">\n\t\t\t\t\t<div class=\"elementor-column elementor-col-100 elementor-top-column elementor-element elementor-element-b29b243\" data-id=\"b29b243\" data-element_type=\"column\">\n\t\t\t<div class=\"elementor-widget-wrap elementor-element-populated\">\n\t\t\t\t\t\t<section class=\"elementor-section elementor-inner-section elementor-element elementor-element-4c7a560 elementor-section-boxed elementor-section-height-default elementor-section-height-default\" data-id=\"4c7a560\" data-element_type=\"section\">\n\t\t\t\t\t\t<div class=\"elementor-container elementor-column-gap-default\">\n\t\t\t\t\t<div class=\"elementor-column elementor-col-100 elementor-inner-column elementor-element elementor-element-00c675f\" data-id=\"00c675f\" data-element_type=\"column\">\n\t\t\t<div class=\"elementor-widget-wrap elementor-element-populated\">\n\t\t\t\t\t\t<div class=\"elementor-element elementor-element-6ae1f24 elementor-widget elementor-widget-heading\" data-id=\"6ae1f24\" data-element_type=\"widget\" data-widget_type=\"heading.default\">\n\t\t\t\t<div class=\"elementor-widget-container\">\n\t\t\t<h2 class=\"elementor-heading-title elementor-size-default\">\u015eirketler Hukuku<\/h2>\t\t<\/div>\n\t\t\t\t<\/div>\n\t\t\t\t\t<\/div>\n\t\t<\/div>\n\t\t\t\t\t<\/div>\n\t\t<\/section>\n\t\t\t\t<section class=\"elementor-section elementor-inner-section elementor-element elementor-element-6608571 elementor-section-boxed elementor-section-height-default elementor-section-height-default\" data-id=\"6608571\" data-element_type=\"section\" data-settings=\"{&quot;background_background&quot;:&quot;classic&quot;}\">\n\t\t\t\t\t\t<div class=\"elementor-container elementor-column-gap-default\">\n\t\t\t\t\t<div class=\"elementor-column elementor-col-50 elementor-inner-column elementor-element elementor-element-56c91f6\" data-id=\"56c91f6\" data-element_type=\"column\">\n\t\t\t<div class=\"elementor-widget-wrap elementor-element-populated\">\n\t\t\t\t\t\t<div class=\"elementor-element elementor-element-d96c1bd elementor-widget elementor-widget-heading\" data-id=\"d96c1bd\" data-element_type=\"widget\" data-widget_type=\"heading.default\">\n\t\t\t\t<div class=\"elementor-widget-container\">\n\t\t\t<h3 class=\"elementor-heading-title elementor-size-default\">\u015eirketler Hukuku<\/h3>\t\t<\/div>\n\t\t\t\t<\/div>\n\t\t\t\t<div class=\"elementor-element elementor-element-ea0788c elementor-widget elementor-widget-text-editor\" data-id=\"ea0788c\" data-element_type=\"widget\" data-widget_type=\"text-editor.default\">\n\t\t\t\t<div class=\"elementor-widget-container\">\n\t\t\t\t\t\t\t<p class=\"p1\"><strong><span style=\"color: #ffffff;\">S&amp;H olarak \u015firketler hukuku alan\u0131nda kapsaml\u0131 dan\u0131\u015fmanl\u0131k hizmetleri sunarak, \u015firketlerin kurulu\u015f a\u015famalar\u0131ndan itibaren yanlar\u0131nda yer al\u0131yoruz. Bu hizmetler aras\u0131nda \u015firket kurulu\u015f i\u015flemleri, genel kurul toplant\u0131lar\u0131n\u0131n d\u00fczenlenmesi, sermaye art\u0131r\u0131m\u0131 ve azalt\u0131m\u0131 i\u015flemleri, \u015firket birle\u015fme ve devralmalar\u0131, hisse sat\u0131\u015f\u0131 ve devir i\u015flemleri gibi kritik s\u00fcre\u00e7ler bulunmaktad\u0131r. <\/span><\/strong><\/p><p class=\"p1\"><strong><span style=\"color: #ffffff;\">Ayr\u0131ca, y\u00f6netim kurulu dan\u0131\u015fmanl\u0131\u011f\u0131, ortaklar aras\u0131 ihtilaflar\u0131n \u00e7\u00f6z\u00fcm\u00fc, ticari s\u00f6zle\u015fmelerin haz\u0131rlanmas\u0131 ve m\u00fczakeresi, \u015firketin fesih ve tasfiye i\u015flemleri gibi alanlarda da destek sa\u011fl\u0131yoruz. \u015eirketlerin ticari faaliyetlerini y\u00fcr\u00fct\u00fcrken kar\u015f\u0131la\u015ft\u0131klar\u0131 hukuki sorunlara \u00e7\u00f6z\u00fcm \u00fcretirken, ayn\u0131 zamanda onlar\u0131n rekabet g\u00fc\u00e7lerini korumalar\u0131na ve piyasadaki pozisyonlar\u0131n\u0131 g\u00fc\u00e7lendirmelerine katk\u0131da bulunuyoruz.<\/span><\/strong><\/p>\t\t\t\t\t\t<\/div>\n\t\t\t\t<\/div>\n\t\t\t\t<div class=\"elementor-element elementor-element-3eeb1e1 elementor-widget-divider--view-line elementor-widget elementor-widget-divider\" data-id=\"3eeb1e1\" data-element_type=\"widget\" data-widget_type=\"divider.default\">\n\t\t\t\t<div class=\"elementor-widget-container\">\n\t\t\t\t\t<div class=\"elementor-divider\">\n\t\t\t<span class=\"elementor-divider-separator\">\n\t\t\t\t\t\t<\/span>\n\t\t<\/div>\n\t\t\t\t<\/div>\n\t\t\t\t<\/div>\n\t\t\t\t\t<\/div>\n\t\t<\/div>\n\t\t\t\t<div class=\"elementor-column elementor-col-50 elementor-inner-column elementor-element elementor-element-d950aa1\" data-id=\"d950aa1\" data-element_type=\"column\" data-settings=\"{&quot;background_background&quot;:&quot;classic&quot;}\">\n\t\t\t<div class=\"elementor-widget-wrap elementor-element-populated\">\n\t\t\t\t\t\t<div class=\"elementor-element elementor-element-d5712a6 elementor-widget elementor-widget-image\" data-id=\"d5712a6\" data-element_type=\"widget\" data-widget_type=\"image.default\">\n\t\t\t\t<div class=\"elementor-widget-container\">\n\t\t\t\t\t\t\t\t\t\t\t\t\t<img fetchpriority=\"high\" decoding=\"async\" width=\"400\" height=\"350\" src=\"https:\/\/sandhlegal.com\/wp-content\/uploads\/2023\/01\/r_1586881857_buy-3692440_1920.jpeg\" class=\"attachment-large size-large wp-image-2559\" alt=\"\" srcset=\"https:\/\/sandhlegal.com\/wp-content\/uploads\/2023\/01\/r_1586881857_buy-3692440_1920.jpeg 400w, https:\/\/sandhlegal.com\/wp-content\/uploads\/2023\/01\/r_1586881857_buy-3692440_1920-300x263.jpeg 300w\" sizes=\"(max-width: 400px) 100vw, 400px\" \/>\t\t\t\t\t\t\t\t\t\t\t\t\t<\/div>\n\t\t\t\t<\/div>\n\t\t\t\t\t<\/div>\n\t\t<\/div>\n\t\t\t\t\t<\/div>\n\t\t<\/section>\n\t\t\t\t\t<\/div>\n\t\t<\/div>\n\t\t\t\t\t<\/div>\n\t\t<\/section>\n\t\t\t\t<section class=\"elementor-section elementor-top-section elementor-element elementor-element-6084e45 elementor-section-boxed elementor-section-height-default elementor-section-height-default\" data-id=\"6084e45\" data-element_type=\"section\" data-settings=\"{&quot;background_background&quot;:&quot;classic&quot;}\">\n\t\t\t\t\t\t\t<div class=\"elementor-background-overlay\"><\/div>\n\t\t\t\t\t\t\t<div class=\"elementor-container elementor-column-gap-default\">\n\t\t\t\t\t<div class=\"elementor-column elementor-col-33 elementor-top-column elementor-element elementor-element-9300ac1\" data-id=\"9300ac1\" data-element_type=\"column\">\n\t\t\t<div class=\"elementor-widget-wrap elementor-element-populated\">\n\t\t\t\t\t\t<div class=\"elementor-element elementor-element-e7a0802 elementor-widget__width-initial elementor-widget elementor-widget-image\" data-id=\"e7a0802\" data-element_type=\"widget\" data-widget_type=\"image.default\">\n\t\t\t\t<div class=\"elementor-widget-container\">\n\t\t\t\t\t\t\t\t\t\t\t\t\t<img decoding=\"async\" width=\"512\" height=\"512\" src=\"https:\/\/sandhlegal.com\/wp-content\/uploads\/2024\/02\/cropped-cropped-Partners.jpg\" class=\"attachment-large size-large wp-image-2850\" alt=\"\" srcset=\"https:\/\/sandhlegal.com\/wp-content\/uploads\/2024\/02\/cropped-cropped-Partners.jpg 512w, https:\/\/sandhlegal.com\/wp-content\/uploads\/2024\/02\/cropped-cropped-Partners-300x300.jpg 300w, https:\/\/sandhlegal.com\/wp-content\/uploads\/2024\/02\/cropped-cropped-Partners-150x150.jpg 150w, https:\/\/sandhlegal.com\/wp-content\/uploads\/2024\/02\/cropped-cropped-Partners-12x12.jpg 12w, https:\/\/sandhlegal.com\/wp-content\/uploads\/2024\/02\/cropped-cropped-Partners-375x375.jpg 375w, https:\/\/sandhlegal.com\/wp-content\/uploads\/2024\/02\/cropped-cropped-Partners-270x270.jpg 270w, https:\/\/sandhlegal.com\/wp-content\/uploads\/2024\/02\/cropped-cropped-Partners-192x192.jpg 192w, https:\/\/sandhlegal.com\/wp-content\/uploads\/2024\/02\/cropped-cropped-Partners-180x180.jpg 180w, https:\/\/sandhlegal.com\/wp-content\/uploads\/2024\/02\/cropped-cropped-Partners-32x32.jpg 32w\" sizes=\"(max-width: 512px) 100vw, 512px\" \/>\t\t\t\t\t\t\t\t\t\t\t\t\t<\/div>\n\t\t\t\t<\/div>\n\t\t\t\t<div class=\"elementor-element elementor-element-4eea164 elementor-widget elementor-widget-text-editor\" data-id=\"4eea164\" data-element_type=\"widget\" data-widget_type=\"text-editor.default\">\n\t\t\t\t<div class=\"elementor-widget-container\">\n\t\t\t\t\t\t\t<p>Giri\u015fimleriniz i\u00e7in uyumluluk, koruma ve yenilik sa\u011flayan blockchain teknolojisinde kapsaml\u0131 yasal destek i\u00e7in S&amp;H Legal'a g\u00fcvenin.<\/p>\t\t\t\t\t\t<\/div>\n\t\t\t\t<\/div>\n\t\t\t\t<div class=\"elementor-element elementor-element-63c78f4 e-grid-align-left elementor-shape-rounded elementor-grid-0 elementor-widget elementor-widget-social-icons\" data-id=\"63c78f4\" data-element_type=\"widget\" data-widget_type=\"social-icons.default\">\n\t\t\t\t<div class=\"elementor-widget-container\">\n\t\t\t\t\t<div class=\"elementor-social-icons-wrapper elementor-grid\">\n\t\t\t\t\t\t\t<span class=\"elementor-grid-item\">\n\t\t\t\t\t<a class=\"elementor-icon elementor-social-icon elementor-social-icon-twitter elementor-animation-grow elementor-repeater-item-bb82d6c\" href=\"https:\/\/twitter.com\/S_HPartners\" target=\"_blank\">\n\t\t\t\t\t\t<span class=\"elementor-screen-only\">Twitter<\/span>\n\t\t\t\t\t\t<i class=\"fab fa-twitter\"><\/i>\t\t\t\t\t<\/a>\n\t\t\t\t<\/span>\n\t\t\t\t\t\t\t<span class=\"elementor-grid-item\">\n\t\t\t\t\t<a class=\"elementor-icon elementor-social-icon elementor-social-icon-linkedin elementor-animation-grow elementor-repeater-item-1e3b833\" href=\"https:\/\/www.linkedin.com\/company\/90849272\/admin\/feed\/posts\/\" target=\"_blank\">\n\t\t\t\t\t\t<span class=\"elementor-screen-only\">Linkedin<\/span>\n\t\t\t\t\t\t<i class=\"fab fa-linkedin\"><\/i>\t\t\t\t\t<\/a>\n\t\t\t\t<\/span>\n\t\t\t\t\t<\/div>\n\t\t\t\t<\/div>\n\t\t\t\t<\/div>\n\t\t\t\t\t<\/div>\n\t\t<\/div>\n\t\t\t\t<div class=\"elementor-column elementor-col-33 elementor-top-column elementor-element elementor-element-388c442\" data-id=\"388c442\" data-element_type=\"column\">\n\t\t\t<div class=\"elementor-widget-wrap elementor-element-populated\">\n\t\t\t\t\t\t<div class=\"elementor-element elementor-element-38c314c elementor-widget elementor-widget-heading\" data-id=\"38c314c\" data-element_type=\"widget\" data-widget_type=\"heading.default\">\n\t\t\t\t<div class=\"elementor-widget-container\">\n\t\t\t<div class=\"elementor-heading-title elementor-size-default\">Destek Ba\u011flant\u0131s\u0131<\/div>\t\t<\/div>\n\t\t\t\t<\/div>\n\t\t\t\t<div class=\"elementor-element elementor-element-41beba8 elementor-icon-list--layout-traditional elementor-list-item-link-full_width elementor-widget elementor-widget-icon-list\" data-id=\"41beba8\" data-element_type=\"widget\" data-widget_type=\"icon-list.default\">\n\t\t\t\t<div class=\"elementor-widget-container\">\n\t\t\t\t\t<ul class=\"elementor-icon-list-items\">\n\t\t\t\t\t\t\t<li class=\"elementor-icon-list-item\">\n\t\t\t\t\t\t\t\t\t\t\t<a href=\"https:\/\/sandhlegal.com\/team-elementor\">\n\n\t\t\t\t\t\t\t\t\t\t\t\t<span class=\"elementor-icon-list-icon\">\n\t\t\t\t\t\t\t<i aria-hidden=\"true\" class=\"arrow_right\"><\/i>\t\t\t\t\t\t<\/span>\n\t\t\t\t\t\t\t\t\t\t<span class=\"elementor-icon-list-text\">Tak\u0131m<\/span>\n\t\t\t\t\t\t\t\t\t\t\t<\/a>\n\t\t\t\t\t\t\t\t\t<\/li>\n\t\t\t\t\t\t\t\t<li class=\"elementor-icon-list-item\">\n\t\t\t\t\t\t\t\t\t\t\t<a href=\"https:\/\/sandhlegal.com\/practice-areas-elementor\">\n\n\t\t\t\t\t\t\t\t\t\t\t\t<span class=\"elementor-icon-list-icon\">\n\t\t\t\t\t\t\t<i aria-hidden=\"true\" class=\"arrow_right\"><\/i>\t\t\t\t\t\t<\/span>\n\t\t\t\t\t\t\t\t\t\t<span class=\"elementor-icon-list-text\">\u00c7al\u0131\u015fma Alanlar\u0131m\u0131z<\/span>\n\t\t\t\t\t\t\t\t\t\t\t<\/a>\n\t\t\t\t\t\t\t\t\t<\/li>\n\t\t\t\t\t\t\t\t<li class=\"elementor-icon-list-item\">\n\t\t\t\t\t\t\t\t\t\t\t<a href=\"https:\/\/sandhlegal.com\/blog-elementor\">\n\n\t\t\t\t\t\t\t\t\t\t\t\t<span class=\"elementor-icon-list-icon\">\n\t\t\t\t\t\t\t<i aria-hidden=\"true\" class=\"arrow_right\"><\/i>\t\t\t\t\t\t<\/span>\n\t\t\t\t\t\t\t\t\t\t<span class=\"elementor-icon-list-text\">Blog<\/span>\n\t\t\t\t\t\t\t\t\t\t\t<\/a>\n\t\t\t\t\t\t\t\t\t<\/li>\n\t\t\t\t\t\t\t\t<li class=\"elementor-icon-list-item\">\n\t\t\t\t\t\t\t\t\t\t\t<a href=\"https:\/\/sandhlegal.com\/career-elementor\">\n\n\t\t\t\t\t\t\t\t\t\t\t\t<span class=\"elementor-icon-list-icon\">\n\t\t\t\t\t\t\t<i aria-hidden=\"true\" class=\"arrow_right\"><\/i>\t\t\t\t\t\t<\/span>\n\t\t\t\t\t\t\t\t\t\t<span class=\"elementor-icon-list-text\">Kariyer<\/span>\n\t\t\t\t\t\t\t\t\t\t\t<\/a>\n\t\t\t\t\t\t\t\t\t<\/li>\n\t\t\t\t\t\t\t\t<li class=\"elementor-icon-list-item\">\n\t\t\t\t\t\t\t\t\t\t\t<a href=\"https:\/\/sandhlegal.com\/contact-elementor\">\n\n\t\t\t\t\t\t\t\t\t\t\t\t<span class=\"elementor-icon-list-icon\">\n\t\t\t\t\t\t\t<i aria-hidden=\"true\" class=\"arrow_right\"><\/i>\t\t\t\t\t\t<\/span>\n\t\t\t\t\t\t\t\t\t\t<span class=\"elementor-icon-list-text\">\u0130leti\u015fim<\/span>\n\t\t\t\t\t\t\t\t\t\t\t<\/a>\n\t\t\t\t\t\t\t\t\t<\/li>\n\t\t\t\t\t\t<\/ul>\n\t\t\t\t<\/div>\n\t\t\t\t<\/div>\n\t\t\t\t\t<\/div>\n\t\t<\/div>\n\t\t\t\t<div class=\"elementor-column elementor-col-33 elementor-top-column elementor-element elementor-element-cd02a76\" data-id=\"cd02a76\" data-element_type=\"column\">\n\t\t\t<div class=\"elementor-widget-wrap elementor-element-populated\">\n\t\t\t\t\t\t<div class=\"elementor-element elementor-element-1550b13 elementor-widget elementor-widget-heading\" data-id=\"1550b13\" data-element_type=\"widget\" data-widget_type=\"heading.default\">\n\t\t\t\t<div class=\"elementor-widget-container\">\n\t\t\t<div class=\"elementor-heading-title elementor-size-default\">\u0130leti\u015fime Ge\u00e7in<\/div>\t\t<\/div>\n\t\t\t\t<\/div>\n\t\t\t\t<div class=\"elementor-element elementor-element-829c6eb elementor-widget elementor-widget-text-editor\" data-id=\"829c6eb\" data-element_type=\"widget\" data-widget_type=\"text-editor.default\">\n\t\t\t\t<div class=\"elementor-widget-container\">\n\t\t\t\t\t\t\t<p>Blockchain yasall\u0131klar\u0131n\u0131 y\u00f6netmede size nas\u0131l yard\u0131mc\u0131 olabilece\u011fimizi ke\u015ffetmek i\u00e7in ileti\u015fime ge\u00e7in.<\/p>\t\t\t\t\t\t<\/div>\n\t\t\t\t<\/div>\n\t\t\t\t<div class=\"elementor-element elementor-element-726437c elementor-widget elementor-widget-google_maps\" data-id=\"726437c\" data-element_type=\"widget\" data-widget_type=\"google_maps.default\">\n\t\t\t\t<div class=\"elementor-widget-container\">\n\t\t\t\t\t<div class=\"elementor-custom-embed\">\n\t\t\t<iframe loading=\"lazy\"\n\t\t\t\t\tsrc=\"https:\/\/maps.google.com\/maps?q=KIZILIRMAK%20MAH.%20DUMLUPINAR%20BLV.%203%20C-1%20160%20%C3%87ANKAYA%20ANKARA%E2%80%8B&#038;t=m&#038;z=10&#038;output=embed&#038;iwloc=near\"\n\t\t\t\t\ttitle=\"KIZILIRMAK MAH. DUMLUPINAR BLV. 3 C-1 160 \u00c7ANKAYA ANKARA\u200b\"\n\t\t\t\t\taria-label=\"KIZILIRMAK MAH. DUMLUPINAR BLV. 3 C-1 160 \u00c7ANKAYA ANKARA\u200b\"\n\t\t\t><\/iframe>\n\t\t<\/div>\n\t\t\t\t<\/div>\n\t\t\t\t<\/div>\n\t\t\t\t\t<\/div>\n\t\t<\/div>\n\t\t\t\t\t<\/div>\n\t\t<\/section>\n\t\t\t\t<\/div>","protected":false},"excerpt":{"rendered":"<p>Company Law Company Law As S&amp;H, we provide comprehensive consultancy services in the field of corporate law and support companies from their establishment stages. These services include critical processes such as company establishment procedures, organization of general assembly meetings, capital increase and decrease transactions, company mergers and acquisitions, share sales and transfer transactions. We also [&hellip;]<\/p>","protected":false},"author":1,"featured_media":0,"parent":0,"menu_order":0,"comment_status":"closed","ping_status":"closed","template":"","meta":{"om_disable_all_campaigns":false,"_monsterinsights_skip_tracking":false,"_monsterinsights_sitenote_active":false,"_monsterinsights_sitenote_note":"","_monsterinsights_sitenote_category":0,"_uf_show_specific_survey":0,"_uf_disable_surveys":false},"_links":{"self":[{"href":"https:\/\/sandhlegal.com\/tr\/wp-json\/wp\/v2\/pages\/3681"}],"collection":[{"href":"https:\/\/sandhlegal.com\/tr\/wp-json\/wp\/v2\/pages"}],"about":[{"href":"https:\/\/sandhlegal.com\/tr\/wp-json\/wp\/v2\/types\/page"}],"author":[{"embeddable":true,"href":"https:\/\/sandhlegal.com\/tr\/wp-json\/wp\/v2\/users\/1"}],"replies":[{"embeddable":true,"href":"https:\/\/sandhlegal.com\/tr\/wp-json\/wp\/v2\/comments?post=3681"}],"version-history":[{"count":9,"href":"https:\/\/sandhlegal.com\/tr\/wp-json\/wp\/v2\/pages\/3681\/revisions"}],"predecessor-version":[{"id":3733,"href":"https:\/\/sandhlegal.com\/tr\/wp-json\/wp\/v2\/pages\/3681\/revisions\/3733"}],"wp:attachment":[{"href":"https:\/\/sandhlegal.com\/tr\/wp-json\/wp\/v2\/media?parent=3681"}],"curies":[{"name":"wp","href":"https:\/\/api.w.org\/{rel}","templated":true}]}}