{"id":3671,"date":"2024-07-09T17:12:23","date_gmt":"2024-07-09T17:12:23","guid":{"rendered":"https:\/\/sandhlegal.com\/?page_id=3671"},"modified":"2024-07-09T18:23:02","modified_gmt":"2024-07-09T18:23:02","slug":"social-media-law-elementor","status":"publish","type":"page","link":"https:\/\/sandhlegal.com\/tr\/social-media-law-elementor","title":{"rendered":"Social Media Law ELEMENTOR"},"content":{"rendered":"<div data-elementor-type=\"wp-page\" data-elementor-id=\"3671\" class=\"elementor elementor-3671\">\n\t\t\t\t\t\t<section class=\"elementor-section elementor-top-section elementor-element elementor-element-6860dd0 elementor-section-boxed elementor-section-height-default elementor-section-height-default\" data-id=\"6860dd0\" data-element_type=\"section\" data-settings=\"{&quot;background_background&quot;:&quot;classic&quot;}\">\n\t\t\t\t\t\t\t<div class=\"elementor-background-overlay\"><\/div>\n\t\t\t\t\t\t\t<div class=\"elementor-container elementor-column-gap-default\">\n\t\t\t\t\t<div class=\"elementor-column elementor-col-100 elementor-top-column elementor-element elementor-element-07adc1e\" data-id=\"07adc1e\" data-element_type=\"column\">\n\t\t\t<div class=\"elementor-widget-wrap elementor-element-populated\">\n\t\t\t\t\t\t<section class=\"elementor-section elementor-inner-section elementor-element elementor-element-a0918f9 elementor-section-boxed elementor-section-height-default elementor-section-height-default\" data-id=\"a0918f9\" data-element_type=\"section\">\n\t\t\t\t\t\t<div class=\"elementor-container elementor-column-gap-default\">\n\t\t\t\t\t<div class=\"elementor-column elementor-col-100 elementor-inner-column elementor-element elementor-element-8513284\" data-id=\"8513284\" data-element_type=\"column\">\n\t\t\t<div class=\"elementor-widget-wrap elementor-element-populated\">\n\t\t\t\t\t\t<div class=\"elementor-element elementor-element-e9ab8f9 elementor-widget elementor-widget-heading\" data-id=\"e9ab8f9\" data-element_type=\"widget\" data-widget_type=\"heading.default\">\n\t\t\t\t<div class=\"elementor-widget-container\">\n\t\t\t<h2 class=\"elementor-heading-title elementor-size-default\">Sosyal Medya Hukuku<\/h2>\t\t<\/div>\n\t\t\t\t<\/div>\n\t\t\t\t\t<\/div>\n\t\t<\/div>\n\t\t\t\t\t<\/div>\n\t\t<\/section>\n\t\t\t\t<section class=\"elementor-section elementor-inner-section elementor-element elementor-element-80e5a1e elementor-section-boxed elementor-section-height-default elementor-section-height-default\" data-id=\"80e5a1e\" data-element_type=\"section\" data-settings=\"{&quot;background_background&quot;:&quot;classic&quot;}\">\n\t\t\t\t\t\t<div class=\"elementor-container elementor-column-gap-default\">\n\t\t\t\t\t<div class=\"elementor-column elementor-col-50 elementor-inner-column elementor-element elementor-element-3fb84c4\" data-id=\"3fb84c4\" data-element_type=\"column\">\n\t\t\t<div class=\"elementor-widget-wrap elementor-element-populated\">\n\t\t\t\t\t\t<div class=\"elementor-element elementor-element-60e50fb elementor-widget elementor-widget-heading\" data-id=\"60e50fb\" data-element_type=\"widget\" data-widget_type=\"heading.default\">\n\t\t\t\t<div class=\"elementor-widget-container\">\n\t\t\t<h3 class=\"elementor-heading-title elementor-size-default\">Sosyal Medya Hukuku<\/h3>\t\t<\/div>\n\t\t\t\t<\/div>\n\t\t\t\t<div class=\"elementor-element elementor-element-bd5f41c elementor-widget elementor-widget-text-editor\" data-id=\"bd5f41c\" data-element_type=\"widget\" data-widget_type=\"text-editor.default\">\n\t\t\t\t<div class=\"elementor-widget-container\">\n\t\t\t\t\t\t\t<p class=\"p1\"><strong><span style=\"color: #ffffff;\">S&amp;H olarak sosyal medya hukuku alan\u0131nda da derinlemesine dan\u0131\u015fmanl\u0131k hizmetleri sunmaktad\u0131r. Bu hizmetlerimiz, sosyal medya platformlar\u0131 \u00fczerindeki i\u00e7eriklerin y\u00f6netimi, telif hakk\u0131 ihlalleri, marka haklar\u0131n\u0131n korunmas\u0131, reklam ve tan\u0131t\u0131m faaliyetlerinin hukuki s\u0131n\u0131rlar\u0131, ki\u015filik haklar\u0131na sald\u0131r\u0131 ve gizlilik ihlalleri gibi konular\u0131 kapsamaktad\u0131r. <\/span><\/strong><\/p><p class=\"p1\"><strong><span style=\"color: #ffffff;\">Ayr\u0131ca, sosyal medya kullan\u0131m politikalar\u0131n\u0131n olu\u015fturulmas\u0131, \u00e7al\u0131\u015fanlar\u0131n sosyal medya kullan\u0131m\u0131yla ilgili kurumsal y\u00f6nergelerin haz\u0131rlanmas\u0131 ve uygulanmas\u0131 konular\u0131nda da destek sa\u011fl\u0131yoruz. M\u00fc\u015fterilerimize, sosyal medya platformlar\u0131n\u0131n sundu\u011fu f\u0131rsatlardan yararlan\u0131rken, bu platformlar\u0131n getirdi\u011fi hukuki riskleri anlamalar\u0131 ve y\u00f6netmeleri konusunda rehberlik ediyoruz. Sosyal medya hukukunun h\u0131zla geli\u015fen yap\u0131s\u0131na uyum sa\u011flayarak, m\u00fc\u015fterilerimizin dijital varl\u0131klar\u0131n\u0131 etkili bir \u015fekilde korumalar\u0131na yard\u0131mc\u0131 oluyoruz.<\/span><\/strong><\/p>\t\t\t\t\t\t<\/div>\n\t\t\t\t<\/div>\n\t\t\t\t<div class=\"elementor-element elementor-element-bf8f7ac elementor-widget-divider--view-line elementor-widget elementor-widget-divider\" data-id=\"bf8f7ac\" data-element_type=\"widget\" data-widget_type=\"divider.default\">\n\t\t\t\t<div class=\"elementor-widget-container\">\n\t\t\t\t\t<div class=\"elementor-divider\">\n\t\t\t<span class=\"elementor-divider-separator\">\n\t\t\t\t\t\t<\/span>\n\t\t<\/div>\n\t\t\t\t<\/div>\n\t\t\t\t<\/div>\n\t\t\t\t\t<\/div>\n\t\t<\/div>\n\t\t\t\t<div class=\"elementor-column elementor-col-50 elementor-inner-column elementor-element elementor-element-9c7af33\" data-id=\"9c7af33\" data-element_type=\"column\" data-settings=\"{&quot;background_background&quot;:&quot;classic&quot;}\">\n\t\t\t<div class=\"elementor-widget-wrap elementor-element-populated\">\n\t\t\t\t\t\t<div class=\"elementor-element elementor-element-0429dc4 elementor-widget elementor-widget-image\" data-id=\"0429dc4\" data-element_type=\"widget\" data-widget_type=\"image.default\">\n\t\t\t\t<div class=\"elementor-widget-container\">\n\t\t\t\t\t\t\t\t\t\t\t\t\t<img fetchpriority=\"high\" decoding=\"async\" width=\"800\" height=\"450\" src=\"https:\/\/sandhlegal.com\/wp-content\/uploads\/2023\/01\/fikri-mulkiyet-hukuku-1140x641-1-1024x576.jpeg\" class=\"attachment-large size-large wp-image-2558\" alt=\"\" srcset=\"https:\/\/sandhlegal.com\/wp-content\/uploads\/2023\/01\/fikri-mulkiyet-hukuku-1140x641-1-1024x576.jpeg 1024w, https:\/\/sandhlegal.com\/wp-content\/uploads\/2023\/01\/fikri-mulkiyet-hukuku-1140x641-1-300x169.jpeg 300w, https:\/\/sandhlegal.com\/wp-content\/uploads\/2023\/01\/fikri-mulkiyet-hukuku-1140x641-1-768x432.jpeg 768w, https:\/\/sandhlegal.com\/wp-content\/uploads\/2023\/01\/fikri-mulkiyet-hukuku-1140x641-1-800x450.jpeg 800w, https:\/\/sandhlegal.com\/wp-content\/uploads\/2023\/01\/fikri-mulkiyet-hukuku-1140x641-1.jpeg 1140w\" sizes=\"(max-width: 800px) 100vw, 800px\" \/>\t\t\t\t\t\t\t\t\t\t\t\t\t<\/div>\n\t\t\t\t<\/div>\n\t\t\t\t\t<\/div>\n\t\t<\/div>\n\t\t\t\t\t<\/div>\n\t\t<\/section>\n\t\t\t\t\t<\/div>\n\t\t<\/div>\n\t\t\t\t\t<\/div>\n\t\t<\/section>\n\t\t\t\t<section class=\"elementor-section elementor-top-section elementor-element elementor-element-262d287 elementor-section-boxed elementor-section-height-default elementor-section-height-default\" data-id=\"262d287\" data-element_type=\"section\" data-settings=\"{&quot;background_background&quot;:&quot;classic&quot;}\">\n\t\t\t\t\t\t\t<div class=\"elementor-background-overlay\"><\/div>\n\t\t\t\t\t\t\t<div class=\"elementor-container elementor-column-gap-default\">\n\t\t\t\t\t<div class=\"elementor-column elementor-col-33 elementor-top-column elementor-element elementor-element-80d1062\" data-id=\"80d1062\" data-element_type=\"column\">\n\t\t\t<div class=\"elementor-widget-wrap elementor-element-populated\">\n\t\t\t\t\t\t<div class=\"elementor-element elementor-element-e4e27a8 elementor-widget__width-initial elementor-widget elementor-widget-image\" data-id=\"e4e27a8\" data-element_type=\"widget\" data-widget_type=\"image.default\">\n\t\t\t\t<div class=\"elementor-widget-container\">\n\t\t\t\t\t\t\t\t\t\t\t\t\t<img decoding=\"async\" width=\"512\" height=\"512\" src=\"https:\/\/sandhlegal.com\/wp-content\/uploads\/2024\/02\/cropped-cropped-Partners.jpg\" class=\"attachment-large size-large wp-image-2850\" alt=\"\" srcset=\"https:\/\/sandhlegal.com\/wp-content\/uploads\/2024\/02\/cropped-cropped-Partners.jpg 512w, https:\/\/sandhlegal.com\/wp-content\/uploads\/2024\/02\/cropped-cropped-Partners-300x300.jpg 300w, https:\/\/sandhlegal.com\/wp-content\/uploads\/2024\/02\/cropped-cropped-Partners-150x150.jpg 150w, https:\/\/sandhlegal.com\/wp-content\/uploads\/2024\/02\/cropped-cropped-Partners-12x12.jpg 12w, https:\/\/sandhlegal.com\/wp-content\/uploads\/2024\/02\/cropped-cropped-Partners-375x375.jpg 375w, https:\/\/sandhlegal.com\/wp-content\/uploads\/2024\/02\/cropped-cropped-Partners-270x270.jpg 270w, https:\/\/sandhlegal.com\/wp-content\/uploads\/2024\/02\/cropped-cropped-Partners-192x192.jpg 192w, https:\/\/sandhlegal.com\/wp-content\/uploads\/2024\/02\/cropped-cropped-Partners-180x180.jpg 180w, https:\/\/sandhlegal.com\/wp-content\/uploads\/2024\/02\/cropped-cropped-Partners-32x32.jpg 32w\" sizes=\"(max-width: 512px) 100vw, 512px\" \/>\t\t\t\t\t\t\t\t\t\t\t\t\t<\/div>\n\t\t\t\t<\/div>\n\t\t\t\t<div class=\"elementor-element elementor-element-46b893b elementor-widget elementor-widget-text-editor\" data-id=\"46b893b\" data-element_type=\"widget\" data-widget_type=\"text-editor.default\">\n\t\t\t\t<div class=\"elementor-widget-container\">\n\t\t\t\t\t\t\t<p>Giri\u015fimleriniz i\u00e7in uyumluluk, koruma ve yenilik sa\u011flayan blockchain teknolojisinde kapsaml\u0131 yasal destek i\u00e7in S&amp;H Legal'a g\u00fcvenin.<\/p>\t\t\t\t\t\t<\/div>\n\t\t\t\t<\/div>\n\t\t\t\t<div class=\"elementor-element elementor-element-9182b35 e-grid-align-left elementor-shape-rounded elementor-grid-0 elementor-widget elementor-widget-social-icons\" data-id=\"9182b35\" data-element_type=\"widget\" data-widget_type=\"social-icons.default\">\n\t\t\t\t<div class=\"elementor-widget-container\">\n\t\t\t\t\t<div class=\"elementor-social-icons-wrapper elementor-grid\">\n\t\t\t\t\t\t\t<span class=\"elementor-grid-item\">\n\t\t\t\t\t<a class=\"elementor-icon elementor-social-icon elementor-social-icon-twitter elementor-animation-grow elementor-repeater-item-bb82d6c\" href=\"https:\/\/twitter.com\/S_HPartners\" target=\"_blank\">\n\t\t\t\t\t\t<span class=\"elementor-screen-only\">Twitter<\/span>\n\t\t\t\t\t\t<i class=\"fab fa-twitter\"><\/i>\t\t\t\t\t<\/a>\n\t\t\t\t<\/span>\n\t\t\t\t\t\t\t<span class=\"elementor-grid-item\">\n\t\t\t\t\t<a class=\"elementor-icon elementor-social-icon elementor-social-icon-linkedin elementor-animation-grow elementor-repeater-item-1e3b833\" href=\"https:\/\/www.linkedin.com\/company\/90849272\/admin\/feed\/posts\/\" target=\"_blank\">\n\t\t\t\t\t\t<span class=\"elementor-screen-only\">Linkedin<\/span>\n\t\t\t\t\t\t<i class=\"fab fa-linkedin\"><\/i>\t\t\t\t\t<\/a>\n\t\t\t\t<\/span>\n\t\t\t\t\t<\/div>\n\t\t\t\t<\/div>\n\t\t\t\t<\/div>\n\t\t\t\t\t<\/div>\n\t\t<\/div>\n\t\t\t\t<div class=\"elementor-column elementor-col-33 elementor-top-column elementor-element elementor-element-40c7512\" data-id=\"40c7512\" data-element_type=\"column\">\n\t\t\t<div class=\"elementor-widget-wrap elementor-element-populated\">\n\t\t\t\t\t\t<div class=\"elementor-element elementor-element-3cc0a1d elementor-widget elementor-widget-heading\" data-id=\"3cc0a1d\" data-element_type=\"widget\" data-widget_type=\"heading.default\">\n\t\t\t\t<div class=\"elementor-widget-container\">\n\t\t\t<div class=\"elementor-heading-title elementor-size-default\">Destek Ba\u011flant\u0131s\u0131<\/div>\t\t<\/div>\n\t\t\t\t<\/div>\n\t\t\t\t<div class=\"elementor-element elementor-element-ac4695a elementor-icon-list--layout-traditional elementor-list-item-link-full_width elementor-widget elementor-widget-icon-list\" data-id=\"ac4695a\" data-element_type=\"widget\" data-widget_type=\"icon-list.default\">\n\t\t\t\t<div class=\"elementor-widget-container\">\n\t\t\t\t\t<ul class=\"elementor-icon-list-items\">\n\t\t\t\t\t\t\t<li class=\"elementor-icon-list-item\">\n\t\t\t\t\t\t\t\t\t\t\t<a href=\"https:\/\/sandhlegal.com\/team-elementor\">\n\n\t\t\t\t\t\t\t\t\t\t\t\t<span class=\"elementor-icon-list-icon\">\n\t\t\t\t\t\t\t<i aria-hidden=\"true\" class=\"arrow_right\"><\/i>\t\t\t\t\t\t<\/span>\n\t\t\t\t\t\t\t\t\t\t<span class=\"elementor-icon-list-text\">Tak\u0131m<\/span>\n\t\t\t\t\t\t\t\t\t\t\t<\/a>\n\t\t\t\t\t\t\t\t\t<\/li>\n\t\t\t\t\t\t\t\t<li class=\"elementor-icon-list-item\">\n\t\t\t\t\t\t\t\t\t\t\t<a href=\"https:\/\/sandhlegal.com\/practice-areas-elementor\">\n\n\t\t\t\t\t\t\t\t\t\t\t\t<span class=\"elementor-icon-list-icon\">\n\t\t\t\t\t\t\t<i aria-hidden=\"true\" class=\"arrow_right\"><\/i>\t\t\t\t\t\t<\/span>\n\t\t\t\t\t\t\t\t\t\t<span class=\"elementor-icon-list-text\">\u00c7al\u0131\u015fma Alanlar\u0131m\u0131z<\/span>\n\t\t\t\t\t\t\t\t\t\t\t<\/a>\n\t\t\t\t\t\t\t\t\t<\/li>\n\t\t\t\t\t\t\t\t<li class=\"elementor-icon-list-item\">\n\t\t\t\t\t\t\t\t\t\t\t<a href=\"https:\/\/sandhlegal.com\/blog-elementor\">\n\n\t\t\t\t\t\t\t\t\t\t\t\t<span class=\"elementor-icon-list-icon\">\n\t\t\t\t\t\t\t<i aria-hidden=\"true\" class=\"arrow_right\"><\/i>\t\t\t\t\t\t<\/span>\n\t\t\t\t\t\t\t\t\t\t<span class=\"elementor-icon-list-text\">Blog<\/span>\n\t\t\t\t\t\t\t\t\t\t\t<\/a>\n\t\t\t\t\t\t\t\t\t<\/li>\n\t\t\t\t\t\t\t\t<li class=\"elementor-icon-list-item\">\n\t\t\t\t\t\t\t\t\t\t\t<a href=\"https:\/\/sandhlegal.com\/career-elementor\">\n\n\t\t\t\t\t\t\t\t\t\t\t\t<span class=\"elementor-icon-list-icon\">\n\t\t\t\t\t\t\t<i aria-hidden=\"true\" class=\"arrow_right\"><\/i>\t\t\t\t\t\t<\/span>\n\t\t\t\t\t\t\t\t\t\t<span class=\"elementor-icon-list-text\">Kariyer<\/span>\n\t\t\t\t\t\t\t\t\t\t\t<\/a>\n\t\t\t\t\t\t\t\t\t<\/li>\n\t\t\t\t\t\t\t\t<li class=\"elementor-icon-list-item\">\n\t\t\t\t\t\t\t\t\t\t\t<a href=\"https:\/\/sandhlegal.com\/contact-elementor\">\n\n\t\t\t\t\t\t\t\t\t\t\t\t<span class=\"elementor-icon-list-icon\">\n\t\t\t\t\t\t\t<i aria-hidden=\"true\" class=\"arrow_right\"><\/i>\t\t\t\t\t\t<\/span>\n\t\t\t\t\t\t\t\t\t\t<span class=\"elementor-icon-list-text\">\u0130leti\u015fim<\/span>\n\t\t\t\t\t\t\t\t\t\t\t<\/a>\n\t\t\t\t\t\t\t\t\t<\/li>\n\t\t\t\t\t\t<\/ul>\n\t\t\t\t<\/div>\n\t\t\t\t<\/div>\n\t\t\t\t\t<\/div>\n\t\t<\/div>\n\t\t\t\t<div class=\"elementor-column elementor-col-33 elementor-top-column elementor-element elementor-element-90dd1a0\" data-id=\"90dd1a0\" data-element_type=\"column\">\n\t\t\t<div class=\"elementor-widget-wrap elementor-element-populated\">\n\t\t\t\t\t\t<div class=\"elementor-element elementor-element-e4d43db elementor-widget elementor-widget-heading\" data-id=\"e4d43db\" data-element_type=\"widget\" data-widget_type=\"heading.default\">\n\t\t\t\t<div class=\"elementor-widget-container\">\n\t\t\t<div class=\"elementor-heading-title elementor-size-default\">\u0130leti\u015fime Ge\u00e7in<\/div>\t\t<\/div>\n\t\t\t\t<\/div>\n\t\t\t\t<div class=\"elementor-element elementor-element-eea0f33 elementor-widget elementor-widget-text-editor\" data-id=\"eea0f33\" data-element_type=\"widget\" data-widget_type=\"text-editor.default\">\n\t\t\t\t<div class=\"elementor-widget-container\">\n\t\t\t\t\t\t\t<p>Blockchain yasall\u0131klar\u0131n\u0131 y\u00f6netmede size nas\u0131l yard\u0131mc\u0131 olabilece\u011fimizi ke\u015ffetmek i\u00e7in ileti\u015fime ge\u00e7in.<\/p>\t\t\t\t\t\t<\/div>\n\t\t\t\t<\/div>\n\t\t\t\t<div class=\"elementor-element elementor-element-1bc4b62 elementor-widget elementor-widget-google_maps\" data-id=\"1bc4b62\" data-element_type=\"widget\" data-widget_type=\"google_maps.default\">\n\t\t\t\t<div class=\"elementor-widget-container\">\n\t\t\t\t\t<div class=\"elementor-custom-embed\">\n\t\t\t<iframe loading=\"lazy\"\n\t\t\t\t\tsrc=\"https:\/\/maps.google.com\/maps?q=KIZILIRMAK%20MAH.%20DUMLUPINAR%20BLV.%203%20C-1%20160%20%C3%87ANKAYA%20ANKARA%E2%80%8B&#038;t=m&#038;z=10&#038;output=embed&#038;iwloc=near\"\n\t\t\t\t\ttitle=\"KIZILIRMAK MAH. DUMLUPINAR BLV. 3 C-1 160 \u00c7ANKAYA ANKARA\u200b\"\n\t\t\t\t\taria-label=\"KIZILIRMAK MAH. DUMLUPINAR BLV. 3 C-1 160 \u00c7ANKAYA ANKARA\u200b\"\n\t\t\t><\/iframe>\n\t\t<\/div>\n\t\t\t\t<\/div>\n\t\t\t\t<\/div>\n\t\t\t\t\t<\/div>\n\t\t<\/div>\n\t\t\t\t\t<\/div>\n\t\t<\/section>\n\t\t\t\t<\/div>","protected":false},"excerpt":{"rendered":"<p>Social Media Law Social Media Law As S&amp;H, we also provide in-depth consultancy services in the field of social media law. These services cover issues such as management of content on social media platforms, copyright violations, protection of brand rights, legal limits of advertising and promotional activities, attacks on personal rights and privacy violations. We [&hellip;]<\/p>","protected":false},"author":1,"featured_media":0,"parent":0,"menu_order":0,"comment_status":"closed","ping_status":"closed","template":"","meta":{"om_disable_all_campaigns":false,"_monsterinsights_skip_tracking":false,"_monsterinsights_sitenote_active":false,"_monsterinsights_sitenote_note":"","_monsterinsights_sitenote_category":0,"_uf_show_specific_survey":0,"_uf_disable_surveys":false},"_links":{"self":[{"href":"https:\/\/sandhlegal.com\/tr\/wp-json\/wp\/v2\/pages\/3671"}],"collection":[{"href":"https:\/\/sandhlegal.com\/tr\/wp-json\/wp\/v2\/pages"}],"about":[{"href":"https:\/\/sandhlegal.com\/tr\/wp-json\/wp\/v2\/types\/page"}],"author":[{"embeddable":true,"href":"https:\/\/sandhlegal.com\/tr\/wp-json\/wp\/v2\/users\/1"}],"replies":[{"embeddable":true,"href":"https:\/\/sandhlegal.com\/tr\/wp-json\/wp\/v2\/comments?post=3671"}],"version-history":[{"count":9,"href":"https:\/\/sandhlegal.com\/tr\/wp-json\/wp\/v2\/pages\/3671\/revisions"}],"predecessor-version":[{"id":3730,"href":"https:\/\/sandhlegal.com\/tr\/wp-json\/wp\/v2\/pages\/3671\/revisions\/3730"}],"wp:attachment":[{"href":"https:\/\/sandhlegal.com\/tr\/wp-json\/wp\/v2\/media?parent=3671"}],"curies":[{"name":"wp","href":"https:\/\/api.w.org\/{rel}","templated":true}]}}