{"id":3660,"date":"2024-07-09T17:07:23","date_gmt":"2024-07-09T17:07:23","guid":{"rendered":"https:\/\/sandhlegal.com\/?page_id=3660"},"modified":"2024-07-09T18:22:37","modified_gmt":"2024-07-09T18:22:37","slug":"technology-law-2","status":"publish","type":"page","link":"https:\/\/sandhlegal.com\/tr\/technology-law-2","title":{"rendered":"Teknoloji Hukuku"},"content":{"rendered":"<div data-elementor-type=\"wp-page\" data-elementor-id=\"3660\" class=\"elementor elementor-3660\">\n\t\t\t\t\t\t<section class=\"elementor-section elementor-top-section elementor-element elementor-element-31c2f8d elementor-section-boxed elementor-section-height-default elementor-section-height-default\" data-id=\"31c2f8d\" data-element_type=\"section\" data-settings=\"{&quot;background_background&quot;:&quot;classic&quot;}\">\n\t\t\t\t\t\t\t<div class=\"elementor-background-overlay\"><\/div>\n\t\t\t\t\t\t\t<div class=\"elementor-container elementor-column-gap-default\">\n\t\t\t\t\t<div class=\"elementor-column elementor-col-100 elementor-top-column elementor-element elementor-element-25ff554\" data-id=\"25ff554\" data-element_type=\"column\">\n\t\t\t<div class=\"elementor-widget-wrap elementor-element-populated\">\n\t\t\t\t\t\t<section class=\"elementor-section elementor-inner-section elementor-element elementor-element-91ae830 elementor-section-boxed elementor-section-height-default elementor-section-height-default\" data-id=\"91ae830\" data-element_type=\"section\">\n\t\t\t\t\t\t<div class=\"elementor-container elementor-column-gap-default\">\n\t\t\t\t\t<div class=\"elementor-column elementor-col-100 elementor-inner-column elementor-element elementor-element-7fdb8d9\" data-id=\"7fdb8d9\" data-element_type=\"column\">\n\t\t\t<div class=\"elementor-widget-wrap elementor-element-populated\">\n\t\t\t\t\t\t<div class=\"elementor-element elementor-element-6890430 elementor-widget elementor-widget-heading\" data-id=\"6890430\" data-element_type=\"widget\" data-widget_type=\"heading.default\">\n\t\t\t\t<div class=\"elementor-widget-container\">\n\t\t\t<h2 class=\"elementor-heading-title elementor-size-default\">Teknoloji Hukuku<\/h2>\t\t<\/div>\n\t\t\t\t<\/div>\n\t\t\t\t\t<\/div>\n\t\t<\/div>\n\t\t\t\t\t<\/div>\n\t\t<\/section>\n\t\t\t\t<section class=\"elementor-section elementor-inner-section elementor-element elementor-element-cbf7cc0 elementor-section-boxed elementor-section-height-default elementor-section-height-default\" data-id=\"cbf7cc0\" data-element_type=\"section\" data-settings=\"{&quot;background_background&quot;:&quot;classic&quot;}\">\n\t\t\t\t\t\t<div class=\"elementor-container elementor-column-gap-default\">\n\t\t\t\t\t<div class=\"elementor-column elementor-col-50 elementor-inner-column elementor-element elementor-element-28d5128\" data-id=\"28d5128\" data-element_type=\"column\">\n\t\t\t<div class=\"elementor-widget-wrap elementor-element-populated\">\n\t\t\t\t\t\t<div class=\"elementor-element elementor-element-2db8cb9 elementor-widget elementor-widget-heading\" data-id=\"2db8cb9\" data-element_type=\"widget\" data-widget_type=\"heading.default\">\n\t\t\t\t<div class=\"elementor-widget-container\">\n\t\t\t<h3 class=\"elementor-heading-title elementor-size-default\">Teknoloji Hukuku<\/h3>\t\t<\/div>\n\t\t\t\t<\/div>\n\t\t\t\t<div class=\"elementor-element elementor-element-e1789bc elementor-widget elementor-widget-text-editor\" data-id=\"e1789bc\" data-element_type=\"widget\" data-widget_type=\"text-editor.default\">\n\t\t\t\t<div class=\"elementor-widget-container\">\n\t\t\t\t\t\t\t<p class=\"p1\"><strong><span style=\"color: #ffffff;\">S&amp;H olarak teknoloji hukuku alan\u0131nda derinlemesine hizmetler sunuyoruz. Bu hizmetlerimiz, yaz\u0131l\u0131m ve uygulama s\u00f6zle\u015fmeleri yazmaktan, dijital d\u00f6n\u00fc\u015f\u00fcm s\u00fcre\u00e7leri y\u00f6netimine,, veri koruma ve gizlilik politikalar\u0131n\u0131n olu\u015fturulmas\u0131ndan, fikri m\u00fclkiyet haklar\u0131n\u0131n korunmas\u0131na, e-ticaret d\u00fczenlemelerinden, teknoloji transferi anla\u015fmalar\u0131 ve start-up \u015firketlerine y\u00f6nelik hukuki destek gibi geni\u015f bir yelpazeyi kaps\u0131yor. <\/span><\/strong><\/p><p class=\"p1\"><strong><span style=\"color: #ffffff;\">Ayn\u0131 zamanda, blockchain teknolojileri, yapay zeka uygulamalar\u0131 ve di\u011fer ileri teknoloji projelerine \u00f6zel dan\u0131\u015fmanl\u0131k hizmetleri de vermekteyiz. Ekibimiz teknoloji ge\u00e7mi\u015fine sahip avukatlardan ve m\u00fchendislerden olu\u015ftu\u011fu i\u00e7in burada her m\u00fc\u015fterimize teknik bak\u0131\u015f a\u00e7\u0131s\u0131 da sunuyoruz.<\/span><\/strong><\/p>\t\t\t\t\t\t<\/div>\n\t\t\t\t<\/div>\n\t\t\t\t<div class=\"elementor-element elementor-element-aeddc2c elementor-widget-divider--view-line elementor-widget elementor-widget-divider\" data-id=\"aeddc2c\" data-element_type=\"widget\" data-widget_type=\"divider.default\">\n\t\t\t\t<div class=\"elementor-widget-container\">\n\t\t\t\t\t<div class=\"elementor-divider\">\n\t\t\t<span class=\"elementor-divider-separator\">\n\t\t\t\t\t\t<\/span>\n\t\t<\/div>\n\t\t\t\t<\/div>\n\t\t\t\t<\/div>\n\t\t\t\t\t<\/div>\n\t\t<\/div>\n\t\t\t\t<div class=\"elementor-column elementor-col-50 elementor-inner-column elementor-element elementor-element-eec78f4\" data-id=\"eec78f4\" data-element_type=\"column\" data-settings=\"{&quot;background_background&quot;:&quot;classic&quot;}\">\n\t\t\t<div class=\"elementor-widget-wrap elementor-element-populated\">\n\t\t\t\t\t\t<div class=\"elementor-element elementor-element-dc72b53 elementor-widget elementor-widget-image\" data-id=\"dc72b53\" data-element_type=\"widget\" data-widget_type=\"image.default\">\n\t\t\t\t<div class=\"elementor-widget-container\">\n\t\t\t\t\t\t\t\t\t\t\t\t\t<img fetchpriority=\"high\" decoding=\"async\" width=\"800\" height=\"533\" src=\"https:\/\/sandhlegal.com\/wp-content\/uploads\/2023\/01\/ticaret-ve-sirketler-hukuku.jpeg\" class=\"attachment-large size-large wp-image-2557\" alt=\"\" srcset=\"https:\/\/sandhlegal.com\/wp-content\/uploads\/2023\/01\/ticaret-ve-sirketler-hukuku.jpeg 920w, https:\/\/sandhlegal.com\/wp-content\/uploads\/2023\/01\/ticaret-ve-sirketler-hukuku-300x200.jpeg 300w, https:\/\/sandhlegal.com\/wp-content\/uploads\/2023\/01\/ticaret-ve-sirketler-hukuku-768x512.jpeg 768w, https:\/\/sandhlegal.com\/wp-content\/uploads\/2023\/01\/ticaret-ve-sirketler-hukuku-272x182.jpeg 272w, https:\/\/sandhlegal.com\/wp-content\/uploads\/2023\/01\/ticaret-ve-sirketler-hukuku-720x480.jpeg 720w\" sizes=\"(max-width: 800px) 100vw, 800px\" \/>\t\t\t\t\t\t\t\t\t\t\t\t\t<\/div>\n\t\t\t\t<\/div>\n\t\t\t\t\t<\/div>\n\t\t<\/div>\n\t\t\t\t\t<\/div>\n\t\t<\/section>\n\t\t\t\t\t<\/div>\n\t\t<\/div>\n\t\t\t\t\t<\/div>\n\t\t<\/section>\n\t\t\t\t<section class=\"elementor-section elementor-top-section elementor-element elementor-element-12bd223 elementor-section-boxed elementor-section-height-default elementor-section-height-default\" data-id=\"12bd223\" data-element_type=\"section\" data-settings=\"{&quot;background_background&quot;:&quot;classic&quot;}\">\n\t\t\t\t\t\t\t<div class=\"elementor-background-overlay\"><\/div>\n\t\t\t\t\t\t\t<div class=\"elementor-container elementor-column-gap-default\">\n\t\t\t\t\t<div class=\"elementor-column elementor-col-33 elementor-top-column elementor-element elementor-element-6ea1305\" data-id=\"6ea1305\" data-element_type=\"column\">\n\t\t\t<div class=\"elementor-widget-wrap elementor-element-populated\">\n\t\t\t\t\t\t<div class=\"elementor-element elementor-element-e440273 elementor-widget__width-initial elementor-widget elementor-widget-image\" data-id=\"e440273\" data-element_type=\"widget\" data-widget_type=\"image.default\">\n\t\t\t\t<div class=\"elementor-widget-container\">\n\t\t\t\t\t\t\t\t\t\t\t\t\t<img decoding=\"async\" width=\"512\" height=\"512\" src=\"https:\/\/sandhlegal.com\/wp-content\/uploads\/2024\/02\/cropped-cropped-Partners.jpg\" class=\"attachment-large size-large wp-image-2850\" alt=\"\" srcset=\"https:\/\/sandhlegal.com\/wp-content\/uploads\/2024\/02\/cropped-cropped-Partners.jpg 512w, https:\/\/sandhlegal.com\/wp-content\/uploads\/2024\/02\/cropped-cropped-Partners-300x300.jpg 300w, https:\/\/sandhlegal.com\/wp-content\/uploads\/2024\/02\/cropped-cropped-Partners-150x150.jpg 150w, https:\/\/sandhlegal.com\/wp-content\/uploads\/2024\/02\/cropped-cropped-Partners-12x12.jpg 12w, https:\/\/sandhlegal.com\/wp-content\/uploads\/2024\/02\/cropped-cropped-Partners-375x375.jpg 375w, https:\/\/sandhlegal.com\/wp-content\/uploads\/2024\/02\/cropped-cropped-Partners-270x270.jpg 270w, https:\/\/sandhlegal.com\/wp-content\/uploads\/2024\/02\/cropped-cropped-Partners-192x192.jpg 192w, https:\/\/sandhlegal.com\/wp-content\/uploads\/2024\/02\/cropped-cropped-Partners-180x180.jpg 180w, https:\/\/sandhlegal.com\/wp-content\/uploads\/2024\/02\/cropped-cropped-Partners-32x32.jpg 32w\" sizes=\"(max-width: 512px) 100vw, 512px\" \/>\t\t\t\t\t\t\t\t\t\t\t\t\t<\/div>\n\t\t\t\t<\/div>\n\t\t\t\t<div class=\"elementor-element elementor-element-777ed09 elementor-widget elementor-widget-text-editor\" data-id=\"777ed09\" data-element_type=\"widget\" data-widget_type=\"text-editor.default\">\n\t\t\t\t<div class=\"elementor-widget-container\">\n\t\t\t\t\t\t\t<p>Giri\u015fimleriniz i\u00e7in uyumluluk, koruma ve yenilik sa\u011flayan blockchain teknolojisinde kapsaml\u0131 yasal destek i\u00e7in S&amp;H Legal'a g\u00fcvenin.<\/p>\t\t\t\t\t\t<\/div>\n\t\t\t\t<\/div>\n\t\t\t\t<div class=\"elementor-element elementor-element-ad69a40 e-grid-align-left elementor-shape-rounded elementor-grid-0 elementor-widget elementor-widget-social-icons\" data-id=\"ad69a40\" data-element_type=\"widget\" data-widget_type=\"social-icons.default\">\n\t\t\t\t<div class=\"elementor-widget-container\">\n\t\t\t\t\t<div class=\"elementor-social-icons-wrapper elementor-grid\">\n\t\t\t\t\t\t\t<span class=\"elementor-grid-item\">\n\t\t\t\t\t<a class=\"elementor-icon elementor-social-icon elementor-social-icon-twitter elementor-animation-grow elementor-repeater-item-bb82d6c\" href=\"https:\/\/twitter.com\/S_HPartners\" target=\"_blank\">\n\t\t\t\t\t\t<span class=\"elementor-screen-only\">Twitter<\/span>\n\t\t\t\t\t\t<i class=\"fab fa-twitter\"><\/i>\t\t\t\t\t<\/a>\n\t\t\t\t<\/span>\n\t\t\t\t\t\t\t<span class=\"elementor-grid-item\">\n\t\t\t\t\t<a class=\"elementor-icon elementor-social-icon elementor-social-icon-linkedin elementor-animation-grow elementor-repeater-item-1e3b833\" href=\"https:\/\/www.linkedin.com\/company\/90849272\/admin\/feed\/posts\/\" target=\"_blank\">\n\t\t\t\t\t\t<span class=\"elementor-screen-only\">Linkedin<\/span>\n\t\t\t\t\t\t<i class=\"fab fa-linkedin\"><\/i>\t\t\t\t\t<\/a>\n\t\t\t\t<\/span>\n\t\t\t\t\t<\/div>\n\t\t\t\t<\/div>\n\t\t\t\t<\/div>\n\t\t\t\t\t<\/div>\n\t\t<\/div>\n\t\t\t\t<div class=\"elementor-column elementor-col-33 elementor-top-column elementor-element elementor-element-539a0b1\" data-id=\"539a0b1\" data-element_type=\"column\">\n\t\t\t<div class=\"elementor-widget-wrap elementor-element-populated\">\n\t\t\t\t\t\t<div class=\"elementor-element elementor-element-afcd9ca elementor-widget elementor-widget-heading\" data-id=\"afcd9ca\" data-element_type=\"widget\" data-widget_type=\"heading.default\">\n\t\t\t\t<div class=\"elementor-widget-container\">\n\t\t\t<div class=\"elementor-heading-title elementor-size-default\">Destek Ba\u011flant\u0131s\u0131<\/div>\t\t<\/div>\n\t\t\t\t<\/div>\n\t\t\t\t<div class=\"elementor-element elementor-element-fe2ee80 elementor-icon-list--layout-traditional elementor-list-item-link-full_width elementor-widget elementor-widget-icon-list\" data-id=\"fe2ee80\" data-element_type=\"widget\" data-widget_type=\"icon-list.default\">\n\t\t\t\t<div class=\"elementor-widget-container\">\n\t\t\t\t\t<ul class=\"elementor-icon-list-items\">\n\t\t\t\t\t\t\t<li class=\"elementor-icon-list-item\">\n\t\t\t\t\t\t\t\t\t\t\t<a href=\"https:\/\/sandhlegal.com\/team-elementor\">\n\n\t\t\t\t\t\t\t\t\t\t\t\t<span class=\"elementor-icon-list-icon\">\n\t\t\t\t\t\t\t<i aria-hidden=\"true\" class=\"arrow_right\"><\/i>\t\t\t\t\t\t<\/span>\n\t\t\t\t\t\t\t\t\t\t<span class=\"elementor-icon-list-text\">Tak\u0131m<\/span>\n\t\t\t\t\t\t\t\t\t\t\t<\/a>\n\t\t\t\t\t\t\t\t\t<\/li>\n\t\t\t\t\t\t\t\t<li class=\"elementor-icon-list-item\">\n\t\t\t\t\t\t\t\t\t\t\t<a href=\"https:\/\/sandhlegal.com\/practice-areas-elementor\">\n\n\t\t\t\t\t\t\t\t\t\t\t\t<span class=\"elementor-icon-list-icon\">\n\t\t\t\t\t\t\t<i aria-hidden=\"true\" class=\"arrow_right\"><\/i>\t\t\t\t\t\t<\/span>\n\t\t\t\t\t\t\t\t\t\t<span class=\"elementor-icon-list-text\">\u00c7al\u0131\u015fma Alanlar\u0131m\u0131z<\/span>\n\t\t\t\t\t\t\t\t\t\t\t<\/a>\n\t\t\t\t\t\t\t\t\t<\/li>\n\t\t\t\t\t\t\t\t<li class=\"elementor-icon-list-item\">\n\t\t\t\t\t\t\t\t\t\t\t<a href=\"https:\/\/sandhlegal.com\/blog-elementor\">\n\n\t\t\t\t\t\t\t\t\t\t\t\t<span class=\"elementor-icon-list-icon\">\n\t\t\t\t\t\t\t<i aria-hidden=\"true\" class=\"arrow_right\"><\/i>\t\t\t\t\t\t<\/span>\n\t\t\t\t\t\t\t\t\t\t<span class=\"elementor-icon-list-text\">Blog<\/span>\n\t\t\t\t\t\t\t\t\t\t\t<\/a>\n\t\t\t\t\t\t\t\t\t<\/li>\n\t\t\t\t\t\t\t\t<li class=\"elementor-icon-list-item\">\n\t\t\t\t\t\t\t\t\t\t\t<a href=\"https:\/\/sandhlegal.com\/career-elementor\">\n\n\t\t\t\t\t\t\t\t\t\t\t\t<span class=\"elementor-icon-list-icon\">\n\t\t\t\t\t\t\t<i aria-hidden=\"true\" class=\"arrow_right\"><\/i>\t\t\t\t\t\t<\/span>\n\t\t\t\t\t\t\t\t\t\t<span class=\"elementor-icon-list-text\">Kariyer<\/span>\n\t\t\t\t\t\t\t\t\t\t\t<\/a>\n\t\t\t\t\t\t\t\t\t<\/li>\n\t\t\t\t\t\t\t\t<li class=\"elementor-icon-list-item\">\n\t\t\t\t\t\t\t\t\t\t\t<a href=\"https:\/\/sandhlegal.com\/contact-elementor\">\n\n\t\t\t\t\t\t\t\t\t\t\t\t<span class=\"elementor-icon-list-icon\">\n\t\t\t\t\t\t\t<i aria-hidden=\"true\" class=\"arrow_right\"><\/i>\t\t\t\t\t\t<\/span>\n\t\t\t\t\t\t\t\t\t\t<span class=\"elementor-icon-list-text\">\u0130leti\u015fim<\/span>\n\t\t\t\t\t\t\t\t\t\t\t<\/a>\n\t\t\t\t\t\t\t\t\t<\/li>\n\t\t\t\t\t\t<\/ul>\n\t\t\t\t<\/div>\n\t\t\t\t<\/div>\n\t\t\t\t\t<\/div>\n\t\t<\/div>\n\t\t\t\t<div class=\"elementor-column elementor-col-33 elementor-top-column elementor-element elementor-element-4653562\" data-id=\"4653562\" data-element_type=\"column\">\n\t\t\t<div class=\"elementor-widget-wrap elementor-element-populated\">\n\t\t\t\t\t\t<div class=\"elementor-element elementor-element-bf24020 elementor-widget elementor-widget-heading\" data-id=\"bf24020\" data-element_type=\"widget\" data-widget_type=\"heading.default\">\n\t\t\t\t<div class=\"elementor-widget-container\">\n\t\t\t<div class=\"elementor-heading-title elementor-size-default\">\u0130leti\u015fime Ge\u00e7in<\/div>\t\t<\/div>\n\t\t\t\t<\/div>\n\t\t\t\t<div class=\"elementor-element elementor-element-144d2fd elementor-widget elementor-widget-text-editor\" data-id=\"144d2fd\" data-element_type=\"widget\" data-widget_type=\"text-editor.default\">\n\t\t\t\t<div class=\"elementor-widget-container\">\n\t\t\t\t\t\t\t<p>Blockchain yasall\u0131klar\u0131n\u0131 y\u00f6netmede size nas\u0131l yard\u0131mc\u0131 olabilece\u011fimizi ke\u015ffetmek i\u00e7in ileti\u015fime ge\u00e7in.<\/p>\t\t\t\t\t\t<\/div>\n\t\t\t\t<\/div>\n\t\t\t\t<div class=\"elementor-element elementor-element-7bb3e3a elementor-widget elementor-widget-google_maps\" data-id=\"7bb3e3a\" data-element_type=\"widget\" data-widget_type=\"google_maps.default\">\n\t\t\t\t<div class=\"elementor-widget-container\">\n\t\t\t\t\t<div class=\"elementor-custom-embed\">\n\t\t\t<iframe loading=\"lazy\"\n\t\t\t\t\tsrc=\"https:\/\/maps.google.com\/maps?q=KIZILIRMAK%20MAH.%20DUMLUPINAR%20BLV.%203%20C-1%20160%20%C3%87ANKAYA%20ANKARA%E2%80%8B&#038;t=m&#038;z=10&#038;output=embed&#038;iwloc=near\"\n\t\t\t\t\ttitle=\"KIZILIRMAK MAH. DUMLUPINAR BLV. 3 C-1 160 \u00c7ANKAYA ANKARA\u200b\"\n\t\t\t\t\taria-label=\"KIZILIRMAK MAH. DUMLUPINAR BLV. 3 C-1 160 \u00c7ANKAYA ANKARA\u200b\"\n\t\t\t><\/iframe>\n\t\t<\/div>\n\t\t\t\t<\/div>\n\t\t\t\t<\/div>\n\t\t\t\t\t<\/div>\n\t\t<\/div>\n\t\t\t\t\t<\/div>\n\t\t<\/section>\n\t\t\t\t<\/div>","protected":false},"excerpt":{"rendered":"<p>Technology Law Technology Law As S&amp;H, we offer in-depth services in the field of technology law. These services cover a wide range from writing software and application contracts to managing digital transformation processes, creating data protection and privacy policies, protecting intellectual property rights, e-commerce regulations, technology transfer agreements and legal support for start-up companies. We [&hellip;]<\/p>","protected":false},"author":1,"featured_media":0,"parent":0,"menu_order":0,"comment_status":"closed","ping_status":"closed","template":"","meta":{"om_disable_all_campaigns":false,"_monsterinsights_skip_tracking":false,"_monsterinsights_sitenote_active":false,"_monsterinsights_sitenote_note":"","_monsterinsights_sitenote_category":0,"_uf_show_specific_survey":0,"_uf_disable_surveys":false},"_links":{"self":[{"href":"https:\/\/sandhlegal.com\/tr\/wp-json\/wp\/v2\/pages\/3660"}],"collection":[{"href":"https:\/\/sandhlegal.com\/tr\/wp-json\/wp\/v2\/pages"}],"about":[{"href":"https:\/\/sandhlegal.com\/tr\/wp-json\/wp\/v2\/types\/page"}],"author":[{"embeddable":true,"href":"https:\/\/sandhlegal.com\/tr\/wp-json\/wp\/v2\/users\/1"}],"replies":[{"embeddable":true,"href":"https:\/\/sandhlegal.com\/tr\/wp-json\/wp\/v2\/comments?post=3660"}],"version-history":[{"count":9,"href":"https:\/\/sandhlegal.com\/tr\/wp-json\/wp\/v2\/pages\/3660\/revisions"}],"predecessor-version":[{"id":3727,"href":"https:\/\/sandhlegal.com\/tr\/wp-json\/wp\/v2\/pages\/3660\/revisions\/3727"}],"wp:attachment":[{"href":"https:\/\/sandhlegal.com\/tr\/wp-json\/wp\/v2\/media?parent=3660"}],"curies":[{"name":"wp","href":"https:\/\/api.w.org\/{rel}","templated":true}]}}