{"id":3640,"date":"2024-07-09T16:56:24","date_gmt":"2024-07-09T16:56:24","guid":{"rendered":"https:\/\/sandhlegal.com\/?page_id=3640"},"modified":"2024-07-09T18:21:53","modified_gmt":"2024-07-09T18:21:53","slug":"fintech-and-financial-law-2","status":"publish","type":"page","link":"https:\/\/sandhlegal.com\/tr\/fintech-and-financial-law-2","title":{"rendered":"FinTech and Financial Law"},"content":{"rendered":"<div data-elementor-type=\"wp-page\" data-elementor-id=\"3640\" class=\"elementor elementor-3640\">\n\t\t\t\t\t\t<section class=\"elementor-section elementor-top-section elementor-element elementor-element-732a653 elementor-section-boxed elementor-section-height-default elementor-section-height-default\" data-id=\"732a653\" data-element_type=\"section\" data-settings=\"{&quot;background_background&quot;:&quot;classic&quot;}\">\n\t\t\t\t\t\t\t<div class=\"elementor-background-overlay\"><\/div>\n\t\t\t\t\t\t\t<div class=\"elementor-container elementor-column-gap-default\">\n\t\t\t\t\t<div class=\"elementor-column elementor-col-100 elementor-top-column elementor-element elementor-element-070ab27\" data-id=\"070ab27\" data-element_type=\"column\">\n\t\t\t<div class=\"elementor-widget-wrap elementor-element-populated\">\n\t\t\t\t\t\t<section class=\"elementor-section elementor-inner-section elementor-element elementor-element-6697782 elementor-section-boxed elementor-section-height-default elementor-section-height-default\" data-id=\"6697782\" data-element_type=\"section\">\n\t\t\t\t\t\t<div class=\"elementor-container elementor-column-gap-default\">\n\t\t\t\t\t<div class=\"elementor-column elementor-col-100 elementor-inner-column elementor-element elementor-element-057deac\" data-id=\"057deac\" data-element_type=\"column\">\n\t\t\t<div class=\"elementor-widget-wrap elementor-element-populated\">\n\t\t\t\t\t\t<div class=\"elementor-element elementor-element-cc849d5 elementor-widget elementor-widget-heading\" data-id=\"cc849d5\" data-element_type=\"widget\" data-widget_type=\"heading.default\">\n\t\t\t\t<div class=\"elementor-widget-container\">\n\t\t\t<h2 class=\"elementor-heading-title elementor-size-default\">FinTech ve Finans Hukuku<\/h2>\t\t<\/div>\n\t\t\t\t<\/div>\n\t\t\t\t\t<\/div>\n\t\t<\/div>\n\t\t\t\t\t<\/div>\n\t\t<\/section>\n\t\t\t\t<section class=\"elementor-section elementor-inner-section elementor-element elementor-element-2e79aa8 elementor-section-boxed elementor-section-height-default elementor-section-height-default\" data-id=\"2e79aa8\" data-element_type=\"section\" data-settings=\"{&quot;background_background&quot;:&quot;classic&quot;}\">\n\t\t\t\t\t\t<div class=\"elementor-container elementor-column-gap-default\">\n\t\t\t\t\t<div class=\"elementor-column elementor-col-50 elementor-inner-column elementor-element elementor-element-edfeb8c\" data-id=\"edfeb8c\" data-element_type=\"column\">\n\t\t\t<div class=\"elementor-widget-wrap elementor-element-populated\">\n\t\t\t\t\t\t<div class=\"elementor-element elementor-element-b4505ee elementor-widget elementor-widget-heading\" data-id=\"b4505ee\" data-element_type=\"widget\" data-widget_type=\"heading.default\">\n\t\t\t\t<div class=\"elementor-widget-container\">\n\t\t\t<h3 class=\"elementor-heading-title elementor-size-default\">FinTech ve Finans Hukuku<\/h3>\t\t<\/div>\n\t\t\t\t<\/div>\n\t\t\t\t<div class=\"elementor-element elementor-element-fdf4354 elementor-widget elementor-widget-text-editor\" data-id=\"fdf4354\" data-element_type=\"widget\" data-widget_type=\"text-editor.default\">\n\t\t\t\t<div class=\"elementor-widget-container\">\n\t\t\t\t\t\t\t<p class=\"p1\"><strong><span style=\"color: #ffffff;\">S&amp;H olarak FinTech ve finans hukuku alan\u0131nda derin bilgi birikimine sahibiz. Bu dinamik sekt\u00f6rde, blockchain teknolojileri, elektronik \u00f6deme sistemleri, kripto paralar, robo-dan\u0131\u015fmanl\u0131k ve di\u011fer finansal teknolojilerin geli\u015ftirilmesi ve uygulanmas\u0131 konular\u0131nda hukuki dan\u0131\u015fmanl\u0131k hizmeti sunuyoruz. <\/span><\/strong><\/p><p class=\"p1\"><strong><span style=\"color: #ffffff;\">M\u00fc\u015fterilerimizin yenilik\u00e7i finansal hizmetler sunarken kar\u015f\u0131la\u015fabilecekleri d\u00fczenleyici zorluklarla ba\u015fa \u00e7\u0131kmalar\u0131na yard\u0131mc\u0131 oluyor, uyum s\u00fcre\u00e7lerini y\u00f6netmelerine ve potansiyel hukuki riskleri azaltmalar\u0131na destek oluyoruz. FinTech sekt\u00f6r\u00fcndeki geli\u015fmeleri yak\u0131ndan takip ederek, m\u00fc\u015fterilerimize rekabet avantaj\u0131 sa\u011flayacak g\u00fcncel ve stratejik hukuki \u00e7\u00f6z\u00fcmler \u00fcretiyoruz.<\/span><\/strong><\/p>\t\t\t\t\t\t<\/div>\n\t\t\t\t<\/div>\n\t\t\t\t<div class=\"elementor-element elementor-element-954049b elementor-widget-divider--view-line elementor-widget elementor-widget-divider\" data-id=\"954049b\" data-element_type=\"widget\" data-widget_type=\"divider.default\">\n\t\t\t\t<div class=\"elementor-widget-container\">\n\t\t\t\t\t<div class=\"elementor-divider\">\n\t\t\t<span class=\"elementor-divider-separator\">\n\t\t\t\t\t\t<\/span>\n\t\t<\/div>\n\t\t\t\t<\/div>\n\t\t\t\t<\/div>\n\t\t\t\t\t<\/div>\n\t\t<\/div>\n\t\t\t\t<div class=\"elementor-column elementor-col-50 elementor-inner-column elementor-element elementor-element-c37c5b5\" data-id=\"c37c5b5\" data-element_type=\"column\" data-settings=\"{&quot;background_background&quot;:&quot;classic&quot;}\">\n\t\t\t<div class=\"elementor-widget-wrap elementor-element-populated\">\n\t\t\t\t\t\t<div class=\"elementor-element elementor-element-857b17a elementor-widget elementor-widget-image\" data-id=\"857b17a\" data-element_type=\"widget\" data-widget_type=\"image.default\">\n\t\t\t\t<div class=\"elementor-widget-container\">\n\t\t\t\t\t\t\t\t\t\t\t\t\t<img fetchpriority=\"high\" decoding=\"async\" width=\"800\" height=\"450\" src=\"https:\/\/sandhlegal.com\/wp-content\/uploads\/2023\/01\/hizmet-kisisel-verilerin-korunmasi-1024x576.jpeg\" class=\"attachment-large size-large wp-image-2555\" alt=\"\" srcset=\"https:\/\/sandhlegal.com\/wp-content\/uploads\/2023\/01\/hizmet-kisisel-verilerin-korunmasi-1024x576.jpeg 1024w, https:\/\/sandhlegal.com\/wp-content\/uploads\/2023\/01\/hizmet-kisisel-verilerin-korunmasi-300x169.jpeg 300w, https:\/\/sandhlegal.com\/wp-content\/uploads\/2023\/01\/hizmet-kisisel-verilerin-korunmasi-768x432.jpeg 768w, https:\/\/sandhlegal.com\/wp-content\/uploads\/2023\/01\/hizmet-kisisel-verilerin-korunmasi-1536x864.jpeg 1536w, https:\/\/sandhlegal.com\/wp-content\/uploads\/2023\/01\/hizmet-kisisel-verilerin-korunmasi-800x450.jpeg 800w, https:\/\/sandhlegal.com\/wp-content\/uploads\/2023\/01\/hizmet-kisisel-verilerin-korunmasi.jpeg 1920w\" sizes=\"(max-width: 800px) 100vw, 800px\" \/>\t\t\t\t\t\t\t\t\t\t\t\t\t<\/div>\n\t\t\t\t<\/div>\n\t\t\t\t\t<\/div>\n\t\t<\/div>\n\t\t\t\t\t<\/div>\n\t\t<\/section>\n\t\t\t\t\t<\/div>\n\t\t<\/div>\n\t\t\t\t\t<\/div>\n\t\t<\/section>\n\t\t\t\t<section class=\"elementor-section elementor-top-section elementor-element elementor-element-3ba04ae elementor-section-boxed elementor-section-height-default elementor-section-height-default\" data-id=\"3ba04ae\" data-element_type=\"section\" data-settings=\"{&quot;background_background&quot;:&quot;classic&quot;}\">\n\t\t\t\t\t\t\t<div class=\"elementor-background-overlay\"><\/div>\n\t\t\t\t\t\t\t<div class=\"elementor-container elementor-column-gap-default\">\n\t\t\t\t\t<div class=\"elementor-column elementor-col-33 elementor-top-column elementor-element elementor-element-53a9083\" data-id=\"53a9083\" data-element_type=\"column\">\n\t\t\t<div class=\"elementor-widget-wrap elementor-element-populated\">\n\t\t\t\t\t\t<div class=\"elementor-element elementor-element-4debd64 elementor-widget__width-initial elementor-widget elementor-widget-image\" data-id=\"4debd64\" data-element_type=\"widget\" data-widget_type=\"image.default\">\n\t\t\t\t<div class=\"elementor-widget-container\">\n\t\t\t\t\t\t\t\t\t\t\t\t\t<img decoding=\"async\" width=\"512\" height=\"512\" src=\"https:\/\/sandhlegal.com\/wp-content\/uploads\/2024\/02\/cropped-cropped-Partners.jpg\" class=\"attachment-large size-large wp-image-2850\" alt=\"\" srcset=\"https:\/\/sandhlegal.com\/wp-content\/uploads\/2024\/02\/cropped-cropped-Partners.jpg 512w, https:\/\/sandhlegal.com\/wp-content\/uploads\/2024\/02\/cropped-cropped-Partners-300x300.jpg 300w, https:\/\/sandhlegal.com\/wp-content\/uploads\/2024\/02\/cropped-cropped-Partners-150x150.jpg 150w, https:\/\/sandhlegal.com\/wp-content\/uploads\/2024\/02\/cropped-cropped-Partners-12x12.jpg 12w, https:\/\/sandhlegal.com\/wp-content\/uploads\/2024\/02\/cropped-cropped-Partners-375x375.jpg 375w, https:\/\/sandhlegal.com\/wp-content\/uploads\/2024\/02\/cropped-cropped-Partners-270x270.jpg 270w, https:\/\/sandhlegal.com\/wp-content\/uploads\/2024\/02\/cropped-cropped-Partners-192x192.jpg 192w, https:\/\/sandhlegal.com\/wp-content\/uploads\/2024\/02\/cropped-cropped-Partners-180x180.jpg 180w, https:\/\/sandhlegal.com\/wp-content\/uploads\/2024\/02\/cropped-cropped-Partners-32x32.jpg 32w\" sizes=\"(max-width: 512px) 100vw, 512px\" \/>\t\t\t\t\t\t\t\t\t\t\t\t\t<\/div>\n\t\t\t\t<\/div>\n\t\t\t\t<div class=\"elementor-element elementor-element-67a67c0 elementor-widget elementor-widget-text-editor\" data-id=\"67a67c0\" data-element_type=\"widget\" data-widget_type=\"text-editor.default\">\n\t\t\t\t<div class=\"elementor-widget-container\">\n\t\t\t\t\t\t\t<p>Giri\u015fimleriniz i\u00e7in uyumluluk, koruma ve yenilik sa\u011flayan blockchain teknolojisinde kapsaml\u0131 yasal destek i\u00e7in S&amp;H Legal'a g\u00fcvenin.<\/p>\t\t\t\t\t\t<\/div>\n\t\t\t\t<\/div>\n\t\t\t\t<div class=\"elementor-element elementor-element-08a5148 e-grid-align-left elementor-shape-rounded elementor-grid-0 elementor-widget elementor-widget-social-icons\" data-id=\"08a5148\" data-element_type=\"widget\" data-widget_type=\"social-icons.default\">\n\t\t\t\t<div class=\"elementor-widget-container\">\n\t\t\t\t\t<div class=\"elementor-social-icons-wrapper elementor-grid\">\n\t\t\t\t\t\t\t<span class=\"elementor-grid-item\">\n\t\t\t\t\t<a class=\"elementor-icon elementor-social-icon elementor-social-icon-twitter elementor-animation-grow elementor-repeater-item-bb82d6c\" href=\"https:\/\/twitter.com\/S_HPartners\" target=\"_blank\">\n\t\t\t\t\t\t<span class=\"elementor-screen-only\">Twitter<\/span>\n\t\t\t\t\t\t<i class=\"fab fa-twitter\"><\/i>\t\t\t\t\t<\/a>\n\t\t\t\t<\/span>\n\t\t\t\t\t\t\t<span class=\"elementor-grid-item\">\n\t\t\t\t\t<a class=\"elementor-icon elementor-social-icon elementor-social-icon-linkedin elementor-animation-grow elementor-repeater-item-1e3b833\" href=\"https:\/\/www.linkedin.com\/company\/90849272\/admin\/feed\/posts\/\" target=\"_blank\">\n\t\t\t\t\t\t<span class=\"elementor-screen-only\">Linkedin<\/span>\n\t\t\t\t\t\t<i class=\"fab fa-linkedin\"><\/i>\t\t\t\t\t<\/a>\n\t\t\t\t<\/span>\n\t\t\t\t\t<\/div>\n\t\t\t\t<\/div>\n\t\t\t\t<\/div>\n\t\t\t\t\t<\/div>\n\t\t<\/div>\n\t\t\t\t<div class=\"elementor-column elementor-col-33 elementor-top-column elementor-element elementor-element-7bd6e82\" data-id=\"7bd6e82\" data-element_type=\"column\">\n\t\t\t<div class=\"elementor-widget-wrap elementor-element-populated\">\n\t\t\t\t\t\t<div class=\"elementor-element elementor-element-60db342 elementor-widget elementor-widget-heading\" data-id=\"60db342\" data-element_type=\"widget\" data-widget_type=\"heading.default\">\n\t\t\t\t<div class=\"elementor-widget-container\">\n\t\t\t<div class=\"elementor-heading-title elementor-size-default\">Destek Ba\u011flant\u0131s\u0131<\/div>\t\t<\/div>\n\t\t\t\t<\/div>\n\t\t\t\t<div class=\"elementor-element elementor-element-95f9551 elementor-icon-list--layout-traditional elementor-list-item-link-full_width elementor-widget elementor-widget-icon-list\" data-id=\"95f9551\" data-element_type=\"widget\" data-widget_type=\"icon-list.default\">\n\t\t\t\t<div class=\"elementor-widget-container\">\n\t\t\t\t\t<ul class=\"elementor-icon-list-items\">\n\t\t\t\t\t\t\t<li class=\"elementor-icon-list-item\">\n\t\t\t\t\t\t\t\t\t\t\t<a href=\"https:\/\/sandhlegal.com\/team-elementor\">\n\n\t\t\t\t\t\t\t\t\t\t\t\t<span class=\"elementor-icon-list-icon\">\n\t\t\t\t\t\t\t<i aria-hidden=\"true\" class=\"arrow_right\"><\/i>\t\t\t\t\t\t<\/span>\n\t\t\t\t\t\t\t\t\t\t<span class=\"elementor-icon-list-text\">Tak\u0131m<\/span>\n\t\t\t\t\t\t\t\t\t\t\t<\/a>\n\t\t\t\t\t\t\t\t\t<\/li>\n\t\t\t\t\t\t\t\t<li class=\"elementor-icon-list-item\">\n\t\t\t\t\t\t\t\t\t\t\t<a href=\"https:\/\/sandhlegal.com\/practice-areas-elementor\">\n\n\t\t\t\t\t\t\t\t\t\t\t\t<span class=\"elementor-icon-list-icon\">\n\t\t\t\t\t\t\t<i aria-hidden=\"true\" class=\"arrow_right\"><\/i>\t\t\t\t\t\t<\/span>\n\t\t\t\t\t\t\t\t\t\t<span class=\"elementor-icon-list-text\">\u00c7al\u0131\u015fma Alanlar\u0131m\u0131z<\/span>\n\t\t\t\t\t\t\t\t\t\t\t<\/a>\n\t\t\t\t\t\t\t\t\t<\/li>\n\t\t\t\t\t\t\t\t<li class=\"elementor-icon-list-item\">\n\t\t\t\t\t\t\t\t\t\t\t<a href=\"https:\/\/sandhlegal.com\/blog-elementor\">\n\n\t\t\t\t\t\t\t\t\t\t\t\t<span class=\"elementor-icon-list-icon\">\n\t\t\t\t\t\t\t<i aria-hidden=\"true\" class=\"arrow_right\"><\/i>\t\t\t\t\t\t<\/span>\n\t\t\t\t\t\t\t\t\t\t<span class=\"elementor-icon-list-text\">Blog<\/span>\n\t\t\t\t\t\t\t\t\t\t\t<\/a>\n\t\t\t\t\t\t\t\t\t<\/li>\n\t\t\t\t\t\t\t\t<li class=\"elementor-icon-list-item\">\n\t\t\t\t\t\t\t\t\t\t\t<a href=\"https:\/\/sandhlegal.com\/career-elementor\">\n\n\t\t\t\t\t\t\t\t\t\t\t\t<span class=\"elementor-icon-list-icon\">\n\t\t\t\t\t\t\t<i aria-hidden=\"true\" class=\"arrow_right\"><\/i>\t\t\t\t\t\t<\/span>\n\t\t\t\t\t\t\t\t\t\t<span class=\"elementor-icon-list-text\">Kariyer<\/span>\n\t\t\t\t\t\t\t\t\t\t\t<\/a>\n\t\t\t\t\t\t\t\t\t<\/li>\n\t\t\t\t\t\t\t\t<li class=\"elementor-icon-list-item\">\n\t\t\t\t\t\t\t\t\t\t\t<a href=\"https:\/\/sandhlegal.com\/contact-elementor\">\n\n\t\t\t\t\t\t\t\t\t\t\t\t<span class=\"elementor-icon-list-icon\">\n\t\t\t\t\t\t\t<i aria-hidden=\"true\" class=\"arrow_right\"><\/i>\t\t\t\t\t\t<\/span>\n\t\t\t\t\t\t\t\t\t\t<span class=\"elementor-icon-list-text\">\u0130leti\u015fim<\/span>\n\t\t\t\t\t\t\t\t\t\t\t<\/a>\n\t\t\t\t\t\t\t\t\t<\/li>\n\t\t\t\t\t\t<\/ul>\n\t\t\t\t<\/div>\n\t\t\t\t<\/div>\n\t\t\t\t\t<\/div>\n\t\t<\/div>\n\t\t\t\t<div class=\"elementor-column elementor-col-33 elementor-top-column elementor-element elementor-element-6c4a273\" data-id=\"6c4a273\" data-element_type=\"column\">\n\t\t\t<div class=\"elementor-widget-wrap elementor-element-populated\">\n\t\t\t\t\t\t<div class=\"elementor-element elementor-element-5132c95 elementor-widget elementor-widget-heading\" data-id=\"5132c95\" data-element_type=\"widget\" data-widget_type=\"heading.default\">\n\t\t\t\t<div class=\"elementor-widget-container\">\n\t\t\t<div class=\"elementor-heading-title elementor-size-default\">\u0130leti\u015fime Ge\u00e7in<\/div>\t\t<\/div>\n\t\t\t\t<\/div>\n\t\t\t\t<div class=\"elementor-element elementor-element-3125601 elementor-widget elementor-widget-text-editor\" data-id=\"3125601\" data-element_type=\"widget\" data-widget_type=\"text-editor.default\">\n\t\t\t\t<div class=\"elementor-widget-container\">\n\t\t\t\t\t\t\t<p>Blockchain yasall\u0131klar\u0131n\u0131 y\u00f6netmede size nas\u0131l yard\u0131mc\u0131 olabilece\u011fimizi ke\u015ffetmek i\u00e7in ileti\u015fime ge\u00e7in.<\/p>\t\t\t\t\t\t<\/div>\n\t\t\t\t<\/div>\n\t\t\t\t<div class=\"elementor-element elementor-element-b6d131a elementor-widget elementor-widget-google_maps\" data-id=\"b6d131a\" data-element_type=\"widget\" data-widget_type=\"google_maps.default\">\n\t\t\t\t<div class=\"elementor-widget-container\">\n\t\t\t\t\t<div class=\"elementor-custom-embed\">\n\t\t\t<iframe loading=\"lazy\"\n\t\t\t\t\tsrc=\"https:\/\/maps.google.com\/maps?q=KIZILIRMAK%20MAH.%20DUMLUPINAR%20BLV.%203%20C-1%20160%20%C3%87ANKAYA%20ANKARA%E2%80%8B&#038;t=m&#038;z=10&#038;output=embed&#038;iwloc=near\"\n\t\t\t\t\ttitle=\"KIZILIRMAK MAH. DUMLUPINAR BLV. 3 C-1 160 \u00c7ANKAYA ANKARA\u200b\"\n\t\t\t\t\taria-label=\"KIZILIRMAK MAH. DUMLUPINAR BLV. 3 C-1 160 \u00c7ANKAYA ANKARA\u200b\"\n\t\t\t><\/iframe>\n\t\t<\/div>\n\t\t\t\t<\/div>\n\t\t\t\t<\/div>\n\t\t\t\t\t<\/div>\n\t\t<\/div>\n\t\t\t\t\t<\/div>\n\t\t<\/section>\n\t\t\t\t<\/div>","protected":false},"excerpt":{"rendered":"<p>FinTech And Financial Law FinTech And Financial Law As S&amp;H, we have deep knowledge in the field of FinTech and financial law. In this dynamic sector, we provide legal consultancy services on the development and implementation of blockchain technologies, electronic payment systems, cryptocurrencies, robo-advisory and other financial technologies. We help our customers cope with the [&hellip;]<\/p>","protected":false},"author":1,"featured_media":0,"parent":0,"menu_order":0,"comment_status":"closed","ping_status":"closed","template":"","meta":{"om_disable_all_campaigns":false,"_monsterinsights_skip_tracking":false,"_monsterinsights_sitenote_active":false,"_monsterinsights_sitenote_note":"","_monsterinsights_sitenote_category":0,"_uf_show_specific_survey":0,"_uf_disable_surveys":false},"_links":{"self":[{"href":"https:\/\/sandhlegal.com\/tr\/wp-json\/wp\/v2\/pages\/3640"}],"collection":[{"href":"https:\/\/sandhlegal.com\/tr\/wp-json\/wp\/v2\/pages"}],"about":[{"href":"https:\/\/sandhlegal.com\/tr\/wp-json\/wp\/v2\/types\/page"}],"author":[{"embeddable":true,"href":"https:\/\/sandhlegal.com\/tr\/wp-json\/wp\/v2\/users\/1"}],"replies":[{"embeddable":true,"href":"https:\/\/sandhlegal.com\/tr\/wp-json\/wp\/v2\/comments?post=3640"}],"version-history":[{"count":9,"href":"https:\/\/sandhlegal.com\/tr\/wp-json\/wp\/v2\/pages\/3640\/revisions"}],"predecessor-version":[{"id":3721,"href":"https:\/\/sandhlegal.com\/tr\/wp-json\/wp\/v2\/pages\/3640\/revisions\/3721"}],"wp:attachment":[{"href":"https:\/\/sandhlegal.com\/tr\/wp-json\/wp\/v2\/media?parent=3640"}],"curies":[{"name":"wp","href":"https:\/\/api.w.org\/{rel}","templated":true}]}}